{"id":1822,"date":"2022-07-21T15:00:46","date_gmt":"2022-07-21T15:00:46","guid":{"rendered":"https:\/\/www.hypertera.com\/?product=matkapuhdistussetti-naytoille"},"modified":"2022-07-21T15:01:02","modified_gmt":"2022-07-21T15:01:02","slug":"matkapuhdistussetti-naytoille","status":"publish","type":"product","link":"https:\/\/www.hypertera.com\/?product=matkapuhdistussetti-naytoille","title":{"rendered":"Matkapuhdistussetti n\u00e4yt\u00f6ille"},"content":{"rendered":"<p>K\u00e4tev\u00e4 n\u00e4ytt\u00f6jen matkapuhdistussetti, joka pysyy n\u00e4pp\u00e4r\u00e4n kokonsa ansiosta aina mukana. Soveltuu kaikille n\u00e4yt\u00f6ile. Mukana mikrokuituliina puhdistukseen (20X20cm) sek\u00e4 n\u00e4yt\u00f6npuhdistusspray (30ml). Puhdistusspray on alkoholiton ja v\u00e4hent\u00e4\u00e4 staattista s\u00e4hk\u00f6\u00e4.<\/p>\n","protected":false},"excerpt":{"rendered":"<p>N\u00e4ytt\u00f6jen matkapuhdistussetti<\/p>\n","protected":false},"featured_media":1823,"comment_status":"closed","ping_status":"closed","template":"","meta":[],"product_brand":[],"product_cat":[212,548,16],"product_tag":[549],"class_list":{"0":"post-1822","1":"product","2":"type-product","3":"status-publish","4":"has-post-thumbnail","6":"product_cat-muut-tuotteet-tuotteet","7":"product_cat-puhdistusvalineet-muut-tuotteet-tuotteet","8":"product_cat-tuotteet","9":"product_tag-puhdistussetit","11":"first","12":"instock","13":"purchasable","14":"product-type-simple"},"jetpack_sharing_enabled":true,"_links":{"self":[{"href":"https:\/\/www.hypertera.com\/index.php?rest_route=\/wp\/v2\/product\/1822","targetHints":{"allow":["GET"]}}],"collection":[{"href":"https:\/\/www.hypertera.com\/index.php?rest_route=\/wp\/v2\/product"}],"about":[{"href":"https:\/\/www.hypertera.com\/index.php?rest_route=\/wp\/v2\/types\/product"}],"replies":[{"embeddable":true,"href":"https:\/\/www.hypertera.com\/index.php?rest_route=%2Fwp%2Fv2%2Fcomments&post=1822"}],"wp:featuredmedia":[{"embeddable":true,"href":"https:\/\/www.hypertera.com\/index.php?rest_route=\/wp\/v2\/media\/1823"}],"wp:attachment":[{"href":"https:\/\/www.hypertera.com\/index.php?rest_route=%2Fwp%2Fv2%2Fmedia&parent=1822"}],"wp:term":[{"taxonomy":"product_brand","embeddable":true,"href":"https:\/\/www.hypertera.com\/index.php?rest_route=%2Fwp%2Fv2%2Fproduct_brand&post=1822"},{"taxonomy":"product_cat","embeddable":true,"href":"https:\/\/www.hypertera.com\/index.php?rest_route=%2Fwp%2Fv2%2Fproduct_cat&post=1822"},{"taxonomy":"product_tag","embeddable":true,"href":"https:\/\/www.hypertera.com\/index.php?rest_route=%2Fwp%2Fv2%2Fproduct_tag&post=1822"}],"curies":[{"name":"wp","href":"https:\/\/api.w.org\/{rel}","templated":true}]}}