{"id":1802,"date":"2022-07-21T14:59:35","date_gmt":"2022-07-21T14:59:35","guid":{"rendered":"https:\/\/www.hypertera.com\/?product=mappi-q-connect-750-a4-metallivahvikkeet-sininen"},"modified":"2022-07-21T14:59:43","modified_gmt":"2022-07-21T14:59:43","slug":"mappi-q-connect-750-a4-metallivahvikkeet-sininen","status":"publish","type":"product","link":"https:\/\/www.hypertera.com\/?product=mappi-q-connect-750-a4-metallivahvikkeet-sininen","title":{"rendered":"Mappi, Q-Connect 750, A4, metallivahvikkeet, sininen"},"content":{"rendered":"<p>Q-Connect mappi,jonka alareunassa on metallivahvikkeet jotka tekev\u00e4t mapista tukevamman k\u00e4ytt\u00e4\u00e4. Mapin pinta on polypropeenia ja sisuspahvi kierr\u00e4tyskartonkia. Sel\u00e4n leveys 7cm ja etikettitaskun koko on 50x158mm.<\/p>\n","protected":false},"excerpt":{"rendered":"<p>Q-Connect mappi,jonka alareunassa on metallivahvikkeet jotka tekev\u00e4t mapista tukevamman k\u00e4ytt\u00e4\u00e4. Mapin pinta on polypropeenia ja sisuspahvi kierr\u00e4tyskartonkia. Sel\u00e4n leveys 7cm ja etikettitaskun koko on 50x158mm.<\/p>\n","protected":false},"featured_media":1803,"comment_status":"closed","ping_status":"closed","template":"","meta":[],"product_brand":[],"product_cat":[31,323,30,16],"product_tag":[324],"class_list":{"0":"post-1802","1":"product","2":"type-product","3":"status-publish","4":"has-post-thumbnail","6":"product_cat-kansiot-ja-mapit","7":"product_cat-muut-mapit","8":"product_cat-toimistotarvikkeet","9":"product_cat-tuotteet","10":"product_tag-mapit","12":"first","13":"outofstock","14":"purchasable","15":"product-type-simple"},"jetpack_sharing_enabled":true,"_links":{"self":[{"href":"https:\/\/www.hypertera.com\/index.php?rest_route=\/wp\/v2\/product\/1802","targetHints":{"allow":["GET"]}}],"collection":[{"href":"https:\/\/www.hypertera.com\/index.php?rest_route=\/wp\/v2\/product"}],"about":[{"href":"https:\/\/www.hypertera.com\/index.php?rest_route=\/wp\/v2\/types\/product"}],"replies":[{"embeddable":true,"href":"https:\/\/www.hypertera.com\/index.php?rest_route=%2Fwp%2Fv2%2Fcomments&post=1802"}],"wp:featuredmedia":[{"embeddable":true,"href":"https:\/\/www.hypertera.com\/index.php?rest_route=\/wp\/v2\/media\/1803"}],"wp:attachment":[{"href":"https:\/\/www.hypertera.com\/index.php?rest_route=%2Fwp%2Fv2%2Fmedia&parent=1802"}],"wp:term":[{"taxonomy":"product_brand","embeddable":true,"href":"https:\/\/www.hypertera.com\/index.php?rest_route=%2Fwp%2Fv2%2Fproduct_brand&post=1802"},{"taxonomy":"product_cat","embeddable":true,"href":"https:\/\/www.hypertera.com\/index.php?rest_route=%2Fwp%2Fv2%2Fproduct_cat&post=1802"},{"taxonomy":"product_tag","embeddable":true,"href":"https:\/\/www.hypertera.com\/index.php?rest_route=%2Fwp%2Fv2%2Fproduct_tag&post=1802"}],"curies":[{"name":"wp","href":"https:\/\/api.w.org\/{rel}","templated":true}]}}