{"id":1770,"date":"2022-07-21T14:58:38","date_gmt":"2022-07-21T14:58:38","guid":{"rendered":"https:\/\/www.hypertera.com\/?product=mappi-esselte-no1-power-750-a4-musta"},"modified":"2022-07-21T14:58:38","modified_gmt":"2022-07-21T14:58:38","slug":"mappi-esselte-no1-power-750-a4-musta","status":"publish","type":"product","link":"https:\/\/www.hypertera.com\/?product=mappi-esselte-no1-power-750-a4-musta","title":{"rendered":"Mappi, Esselte No1 Power 750, A4, musta"},"content":{"rendered":"<p>Tukeva mappi, jonka laadukas mekanismi sulkeutuu t\u00e4ydellisesti my\u00f6s mapin ollessa t\u00e4ysi. Mekanismi kannattaa jopa 2kg:n painon ja sill\u00e4 on 3 vuoden takuu. Polypropeenia, mapin alareunassa metallikiskot. Sel\u00e4n leveys 7,5cm. Sel\u00e4ss\u00e4 tasku, jossa etiketti kooltaan 158x50mm.<\/p>\n","protected":false},"excerpt":{"rendered":"<p>Tukeva mappi, jonka laadukas mekanismi sulkeutuu t\u00e4ydellisesti my\u00f6s mapin ollessa t\u00e4ysi. Mekanismi kannattaa jopa 2kg:n painon ja sill\u00e4 on 3 vuoden takuu. Polypropeenia, mapin alareunassa metallikiskot. Sel\u00e4n leveys 7,5cm. Sel\u00e4ss\u00e4 tasku, jossa etiketti kooltaan 158x50mm.<\/p>\n","protected":false},"featured_media":1771,"comment_status":"closed","ping_status":"closed","template":"","meta":[],"product_brand":[],"product_cat":[31,323,30,16],"product_tag":[324],"class_list":{"0":"post-1770","1":"product","2":"type-product","3":"status-publish","4":"has-post-thumbnail","6":"product_cat-kansiot-ja-mapit","7":"product_cat-muut-mapit","8":"product_cat-toimistotarvikkeet","9":"product_cat-tuotteet","10":"product_tag-mapit","12":"first","13":"instock","14":"purchasable","15":"product-type-simple"},"jetpack_sharing_enabled":true,"_links":{"self":[{"href":"https:\/\/www.hypertera.com\/index.php?rest_route=\/wp\/v2\/product\/1770","targetHints":{"allow":["GET"]}}],"collection":[{"href":"https:\/\/www.hypertera.com\/index.php?rest_route=\/wp\/v2\/product"}],"about":[{"href":"https:\/\/www.hypertera.com\/index.php?rest_route=\/wp\/v2\/types\/product"}],"replies":[{"embeddable":true,"href":"https:\/\/www.hypertera.com\/index.php?rest_route=%2Fwp%2Fv2%2Fcomments&post=1770"}],"wp:featuredmedia":[{"embeddable":true,"href":"https:\/\/www.hypertera.com\/index.php?rest_route=\/wp\/v2\/media\/1771"}],"wp:attachment":[{"href":"https:\/\/www.hypertera.com\/index.php?rest_route=%2Fwp%2Fv2%2Fmedia&parent=1770"}],"wp:term":[{"taxonomy":"product_brand","embeddable":true,"href":"https:\/\/www.hypertera.com\/index.php?rest_route=%2Fwp%2Fv2%2Fproduct_brand&post=1770"},{"taxonomy":"product_cat","embeddable":true,"href":"https:\/\/www.hypertera.com\/index.php?rest_route=%2Fwp%2Fv2%2Fproduct_cat&post=1770"},{"taxonomy":"product_tag","embeddable":true,"href":"https:\/\/www.hypertera.com\/index.php?rest_route=%2Fwp%2Fv2%2Fproduct_tag&post=1770"}],"curies":[{"name":"wp","href":"https:\/\/api.w.org\/{rel}","templated":true}]}}