{"id":1754,"date":"2022-07-21T14:57:29","date_gmt":"2022-07-21T14:57:29","guid":{"rendered":"https:\/\/www.hypertera.com\/?product=mappi-50mm-a4-koottava-vihrea"},"modified":"2022-07-21T14:57:55","modified_gmt":"2022-07-21T14:57:55","slug":"mappi-50mm-a4-koottava-vihrea","status":"publish","type":"product","link":"https:\/\/www.hypertera.com\/?product=mappi-50mm-a4-koottava-vihrea","title":{"rendered":"Mappi, 50mm, A4, koottava, vihre\u00e4"},"content":{"rendered":"<p>F-Office mapeissa on k\u00e4tev\u00e4 ja innovatiivinen lis\u00e4 perusmappeihin, jotka viev\u00e4t tilaa niin t\u00e4ynn\u00e4 kuin tyhj\u00e4n\u00e4, F-office mapit ovat mahdollista purkaa vet\u00e4m\u00e4ll\u00e4 mappien sis\u00e4osaa napakasti yl\u00f6sp\u00e4in ja vastaavasti koota painamalla mappien sis\u00e4osaa napakasti alasp\u00e4in, n\u00e4in s\u00e4\u00e4stet\u00e4\u00e4n tilaa toimistolla kuin toimistolla! Mappien kokoaminen k\u00e4y k\u00e4den k\u00e4\u00e4nteess\u00e4, eik\u00e4 aikaa mene 10 sekuntia kauemmin. Me Kauppakartanolaiset suosittelemme!    Mapit ovat valmistettu kovasta mappipahvista ja p\u00e4\u00e4llystetty PP-muovilla, mapeissa on alareunassa perinteinen metallikisko. Mappi on A4-kokoa, 5 cm:n sel\u00e4ll\u00e4 ja mappiin mahtuu arviolta noin 500 sivua. Mappien selk\u00e4myksess\u00e4 on my\u00f6s perinteinen tasku ja vetoaukko helpottamaan mapin jokap\u00e4iv\u00e4ist\u00e4 k\u00e4ytt\u00f6\u00e4.<\/p>\n","protected":false},"excerpt":{"rendered":"<p>Vihre\u00e4  Mappi<\/p>\n","protected":false},"featured_media":1755,"comment_status":"closed","ping_status":"closed","template":"","meta":[],"product_brand":[],"product_cat":[31,323,30,16],"product_tag":[324],"class_list":{"0":"post-1754","1":"product","2":"type-product","3":"status-publish","4":"has-post-thumbnail","6":"product_cat-kansiot-ja-mapit","7":"product_cat-muut-mapit","8":"product_cat-toimistotarvikkeet","9":"product_cat-tuotteet","10":"product_tag-mapit","12":"first","13":"instock","14":"purchasable","15":"product-type-simple"},"jetpack_sharing_enabled":true,"_links":{"self":[{"href":"https:\/\/www.hypertera.com\/index.php?rest_route=\/wp\/v2\/product\/1754","targetHints":{"allow":["GET"]}}],"collection":[{"href":"https:\/\/www.hypertera.com\/index.php?rest_route=\/wp\/v2\/product"}],"about":[{"href":"https:\/\/www.hypertera.com\/index.php?rest_route=\/wp\/v2\/types\/product"}],"replies":[{"embeddable":true,"href":"https:\/\/www.hypertera.com\/index.php?rest_route=%2Fwp%2Fv2%2Fcomments&post=1754"}],"wp:featuredmedia":[{"embeddable":true,"href":"https:\/\/www.hypertera.com\/index.php?rest_route=\/wp\/v2\/media\/1755"}],"wp:attachment":[{"href":"https:\/\/www.hypertera.com\/index.php?rest_route=%2Fwp%2Fv2%2Fmedia&parent=1754"}],"wp:term":[{"taxonomy":"product_brand","embeddable":true,"href":"https:\/\/www.hypertera.com\/index.php?rest_route=%2Fwp%2Fv2%2Fproduct_brand&post=1754"},{"taxonomy":"product_cat","embeddable":true,"href":"https:\/\/www.hypertera.com\/index.php?rest_route=%2Fwp%2Fv2%2Fproduct_cat&post=1754"},{"taxonomy":"product_tag","embeddable":true,"href":"https:\/\/www.hypertera.com\/index.php?rest_route=%2Fwp%2Fv2%2Fproduct_tag&post=1754"}],"curies":[{"name":"wp","href":"https:\/\/api.w.org\/{rel}","templated":true}]}}