{"id":175,"date":"2022-07-21T13:42:11","date_gmt":"2022-07-21T13:42:11","guid":{"rendered":"https:\/\/www.hypertera.com\/?product=displayport-johto-uros-uros-1-5m-musta"},"modified":"2022-07-21T13:42:11","modified_gmt":"2022-07-21T13:42:11","slug":"displayport-johto-uros-uros-1-5m-musta","status":"publish","type":"product","link":"https:\/\/www.hypertera.com\/?product=displayport-johto-uros-uros-1-5m-musta","title":{"rendered":"DisplayPort-johto, uros\/uros, 1.5m, musta"},"content":{"rendered":"<p>Musta 1.5m pitk\u00e4 DisplayPort-kaapeli. Liittimet 2x DisplayPort uros. DisplayPort johdolla voidaan siirt\u00e4\u00e4 \u00e4\u00e4nt\u00e4 ja kuvaa. Se on tarkoitettu k\u00e4ytett\u00e4v\u00e4ksi tietokoneiden ja kotiteatterij\u00e4rjestelmien kanssa.<\/p>\n","protected":false},"excerpt":{"rendered":"<p>Musta Uros\/uros 1.5m DisplayPort-johto<\/p>\n","protected":false},"featured_media":176,"comment_status":"closed","ping_status":"closed","template":"","meta":[],"product_brand":[],"product_cat":[15],"product_tag":[103],"class_list":{"0":"post-175","1":"product","2":"type-product","3":"status-publish","4":"has-post-thumbnail","6":"product_cat-uncategorized","7":"product_tag-displayport-johdot","9":"first","10":"instock","11":"purchasable","12":"product-type-simple"},"jetpack_sharing_enabled":true,"_links":{"self":[{"href":"https:\/\/www.hypertera.com\/index.php?rest_route=\/wp\/v2\/product\/175","targetHints":{"allow":["GET"]}}],"collection":[{"href":"https:\/\/www.hypertera.com\/index.php?rest_route=\/wp\/v2\/product"}],"about":[{"href":"https:\/\/www.hypertera.com\/index.php?rest_route=\/wp\/v2\/types\/product"}],"replies":[{"embeddable":true,"href":"https:\/\/www.hypertera.com\/index.php?rest_route=%2Fwp%2Fv2%2Fcomments&post=175"}],"wp:featuredmedia":[{"embeddable":true,"href":"https:\/\/www.hypertera.com\/index.php?rest_route=\/wp\/v2\/media\/176"}],"wp:attachment":[{"href":"https:\/\/www.hypertera.com\/index.php?rest_route=%2Fwp%2Fv2%2Fmedia&parent=175"}],"wp:term":[{"taxonomy":"product_brand","embeddable":true,"href":"https:\/\/www.hypertera.com\/index.php?rest_route=%2Fwp%2Fv2%2Fproduct_brand&post=175"},{"taxonomy":"product_cat","embeddable":true,"href":"https:\/\/www.hypertera.com\/index.php?rest_route=%2Fwp%2Fv2%2Fproduct_cat&post=175"},{"taxonomy":"product_tag","embeddable":true,"href":"https:\/\/www.hypertera.com\/index.php?rest_route=%2Fwp%2Fv2%2Fproduct_tag&post=175"}],"curies":[{"name":"wp","href":"https:\/\/api.w.org\/{rel}","templated":true}]}}