{"id":1744,"date":"2022-07-21T14:56:46","date_gmt":"2022-07-21T14:56:46","guid":{"rendered":"https:\/\/www.hypertera.com\/?product=mappi-a4-f-office-50-mm-koottava-musta-marmori"},"modified":"2022-07-21T14:57:04","modified_gmt":"2022-07-21T14:57:04","slug":"mappi-a4-f-office-50-mm-koottava-musta-marmori","status":"publish","type":"product","link":"https:\/\/www.hypertera.com\/?product=mappi-a4-f-office-50-mm-koottava-musta-marmori","title":{"rendered":"Mappi A4, F-Office, 50 mm, koottava, musta marmori"},"content":{"rendered":"<p>Nyt varastoon tulevaa tarvetta varten mappeja jotka ei vie paljon tilaa!  Koottava kartonkimappi, jossa musta marmorikuvio, sel\u00e4n leveys 50 mm. Kansion kannet kiinnittyv\u00e4t vahvasti metallisella U-mekanismilla, joka helpottaa kuljetusta ja s\u00e4ilytyst\u00e4. Mapin alalaidassa metallireunus. Myyntier\u00e4 kymmenen mappia.<\/p>\n","protected":false},"excerpt":{"rendered":"<p>F-Office Mappi A4, 1 pkt\/10<\/p>\n","protected":false},"featured_media":1745,"comment_status":"closed","ping_status":"closed","template":"","meta":[],"product_brand":[],"product_cat":[31,323,30,16],"product_tag":[324],"class_list":{"0":"post-1744","1":"product","2":"type-product","3":"status-publish","4":"has-post-thumbnail","6":"product_cat-kansiot-ja-mapit","7":"product_cat-muut-mapit","8":"product_cat-toimistotarvikkeet","9":"product_cat-tuotteet","10":"product_tag-mapit","12":"first","13":"instock","14":"purchasable","15":"product-type-simple"},"jetpack_sharing_enabled":true,"_links":{"self":[{"href":"https:\/\/www.hypertera.com\/index.php?rest_route=\/wp\/v2\/product\/1744","targetHints":{"allow":["GET"]}}],"collection":[{"href":"https:\/\/www.hypertera.com\/index.php?rest_route=\/wp\/v2\/product"}],"about":[{"href":"https:\/\/www.hypertera.com\/index.php?rest_route=\/wp\/v2\/types\/product"}],"replies":[{"embeddable":true,"href":"https:\/\/www.hypertera.com\/index.php?rest_route=%2Fwp%2Fv2%2Fcomments&post=1744"}],"wp:featuredmedia":[{"embeddable":true,"href":"https:\/\/www.hypertera.com\/index.php?rest_route=\/wp\/v2\/media\/1745"}],"wp:attachment":[{"href":"https:\/\/www.hypertera.com\/index.php?rest_route=%2Fwp%2Fv2%2Fmedia&parent=1744"}],"wp:term":[{"taxonomy":"product_brand","embeddable":true,"href":"https:\/\/www.hypertera.com\/index.php?rest_route=%2Fwp%2Fv2%2Fproduct_brand&post=1744"},{"taxonomy":"product_cat","embeddable":true,"href":"https:\/\/www.hypertera.com\/index.php?rest_route=%2Fwp%2Fv2%2Fproduct_cat&post=1744"},{"taxonomy":"product_tag","embeddable":true,"href":"https:\/\/www.hypertera.com\/index.php?rest_route=%2Fwp%2Fv2%2Fproduct_tag&post=1744"}],"curies":[{"name":"wp","href":"https:\/\/api.w.org\/{rel}","templated":true}]}}