{"id":1742,"date":"2022-07-21T14:56:46","date_gmt":"2022-07-21T14:56:46","guid":{"rendered":"https:\/\/www.hypertera.com\/?product=magneettinen-mustesuihkutarra-avery-j8867-5"},"modified":"2022-07-21T14:57:02","modified_gmt":"2022-07-21T14:57:02","slug":"magneettinen-mustesuihkutarra-avery-j8867-5","status":"publish","type":"product","link":"https:\/\/www.hypertera.com\/?product=magneettinen-mustesuihkutarra-avery-j8867-5","title":{"rendered":"Magneettinen mustesuihkutarra, Avery J8867-5"},"content":{"rendered":"<p>Avery mustesuihkutarrat on testattu useilla mustesuihkutulostimilla, mik\u00e4 takaa 100% luotettavuuden ja ongelmattoman tulostuksen. Magneetit sopivat erilaisiin metallisiin pintoihin. Tarran koko 210 x 297 mm Arkkeja pakkauksessa 5 kpl. Tarroja arkilla 1 kpl. Tarroja pakkauksessa yhteens\u00e4 5 kpl.  Tarran suunnitteluun voit k\u00e4ytt\u00e4\u00e4 helppok\u00e4ytt\u00f6ist\u00e4, ilmaista Averyn tarrapohjat sis\u00e4lt\u00e4v\u00e4\u00e4 ohjelmaa, jonka voit ladata t\u00e4st\u00e4 .<\/p>\n","protected":false},"excerpt":{"rendered":"<p>Avery mustesuihkutarrat on testattu useilla mustesuihkutulostimilla, mik\u00e4 takaa 100% luotettavuuden ja ongelmattoman tulostuksen. Magneetit sopivat erilaisiin metallisiin pintoihin. Tarran koko 210 x 297 mm Arkkeja pakkauksessa 5 kpl. Tarroja arkilla 1 kpl. Tarroja pakkauksessa yhteens\u00e4 5 kpl. Tarran suunnitteluun voit k\u00e4ytt\u00e4\u00e4 helppok\u00e4ytt\u00f6ist\u00e4, ilmaista Averyn tarrapohjat sis\u00e4lt\u00e4v\u00e4\u00e4 ohjelmaa, jonka voit ladata t\u00e4st\u00e4 .<\/p>\n","protected":false},"featured_media":1743,"comment_status":"closed","ping_status":"closed","template":"","meta":[],"product_brand":[],"product_cat":[104,466,30,16],"product_tag":[467],"class_list":{"0":"post-1742","1":"product","2":"type-product","3":"status-publish","4":"has-post-thumbnail","6":"product_cat-etiketit-tarrat-ja-nimilappukotelot","7":"product_cat-mustesuihkutarrat","8":"product_cat-toimistotarvikkeet","9":"product_cat-tuotteet","10":"product_tag-mustesuihkutarrat","12":"first","13":"instock","14":"purchasable","15":"product-type-simple"},"jetpack_sharing_enabled":true,"_links":{"self":[{"href":"https:\/\/www.hypertera.com\/index.php?rest_route=\/wp\/v2\/product\/1742","targetHints":{"allow":["GET"]}}],"collection":[{"href":"https:\/\/www.hypertera.com\/index.php?rest_route=\/wp\/v2\/product"}],"about":[{"href":"https:\/\/www.hypertera.com\/index.php?rest_route=\/wp\/v2\/types\/product"}],"replies":[{"embeddable":true,"href":"https:\/\/www.hypertera.com\/index.php?rest_route=%2Fwp%2Fv2%2Fcomments&post=1742"}],"wp:featuredmedia":[{"embeddable":true,"href":"https:\/\/www.hypertera.com\/index.php?rest_route=\/wp\/v2\/media\/1743"}],"wp:attachment":[{"href":"https:\/\/www.hypertera.com\/index.php?rest_route=%2Fwp%2Fv2%2Fmedia&parent=1742"}],"wp:term":[{"taxonomy":"product_brand","embeddable":true,"href":"https:\/\/www.hypertera.com\/index.php?rest_route=%2Fwp%2Fv2%2Fproduct_brand&post=1742"},{"taxonomy":"product_cat","embeddable":true,"href":"https:\/\/www.hypertera.com\/index.php?rest_route=%2Fwp%2Fv2%2Fproduct_cat&post=1742"},{"taxonomy":"product_tag","embeddable":true,"href":"https:\/\/www.hypertera.com\/index.php?rest_route=%2Fwp%2Fv2%2Fproduct_tag&post=1742"}],"curies":[{"name":"wp","href":"https:\/\/api.w.org\/{rel}","templated":true}]}}