{"id":1740,"date":"2022-07-21T14:56:46","date_gmt":"2022-07-21T14:56:46","guid":{"rendered":"https:\/\/www.hypertera.com\/?product=magneettilajitelma-30-mm-4-eri-varia-1-ras-8"},"modified":"2022-07-21T14:56:47","modified_gmt":"2022-07-21T14:56:47","slug":"magneettilajitelma-30-mm-4-eri-varia-1-ras-8","status":"publish","type":"product","link":"https:\/\/www.hypertera.com\/?product=magneettilajitelma-30-mm-4-eri-varia-1-ras-8","title":{"rendered":"Magneettilajitelma, 30 mm, 4 eri v\u00e4ri\u00e4, 1 ras\/8"},"content":{"rendered":"<p>V\u00e4rilajitelma magneetteja muovisella pinnalla. V\u00e4rilajitelma, sis\u00e4lt\u00e4\u00e4 2 sinist\u00e4, 2 keltaista, 2 punaista ja 2 vihre\u00e4\u00e4 magneettia. Yksitt\u00e4isen magneetin halkaisija on 3 cm.<\/p>\n","protected":false},"excerpt":{"rendered":"<p>V\u00e4rilajitelma F-Office 30 mm Magneetti, 1 ras\/8<\/p>\n","protected":false},"featured_media":1741,"comment_status":"closed","ping_status":"closed","template":"","meta":[],"product_brand":[],"product_cat":[539,50,543,540,542,541,16],"product_tag":[544],"class_list":{"0":"post-1740","1":"product","2":"type-product","3":"status-publish","4":"has-post-thumbnail","6":"product_cat-av-kalusteet-kalusteet","7":"product_cat-kalusteet","8":"product_cat-magneetit","9":"product_cat-taulutarvikkeettuotteet","10":"product_cat-toimiston-pientarvikkeet-toimistotarvikkeet-taulutarvikkeettuotteet","11":"product_cat-toimistotarvikkeet-taulutarvikkeettuotteet","12":"product_cat-tuotteet","13":"product_tag-magneetit","15":"first","16":"instock","17":"purchasable","18":"product-type-simple"},"jetpack_sharing_enabled":true,"_links":{"self":[{"href":"https:\/\/www.hypertera.com\/index.php?rest_route=\/wp\/v2\/product\/1740","targetHints":{"allow":["GET"]}}],"collection":[{"href":"https:\/\/www.hypertera.com\/index.php?rest_route=\/wp\/v2\/product"}],"about":[{"href":"https:\/\/www.hypertera.com\/index.php?rest_route=\/wp\/v2\/types\/product"}],"replies":[{"embeddable":true,"href":"https:\/\/www.hypertera.com\/index.php?rest_route=%2Fwp%2Fv2%2Fcomments&post=1740"}],"wp:featuredmedia":[{"embeddable":true,"href":"https:\/\/www.hypertera.com\/index.php?rest_route=\/wp\/v2\/media\/1741"}],"wp:attachment":[{"href":"https:\/\/www.hypertera.com\/index.php?rest_route=%2Fwp%2Fv2%2Fmedia&parent=1740"}],"wp:term":[{"taxonomy":"product_brand","embeddable":true,"href":"https:\/\/www.hypertera.com\/index.php?rest_route=%2Fwp%2Fv2%2Fproduct_brand&post=1740"},{"taxonomy":"product_cat","embeddable":true,"href":"https:\/\/www.hypertera.com\/index.php?rest_route=%2Fwp%2Fv2%2Fproduct_cat&post=1740"},{"taxonomy":"product_tag","embeddable":true,"href":"https:\/\/www.hypertera.com\/index.php?rest_route=%2Fwp%2Fv2%2Fproduct_tag&post=1740"}],"curies":[{"name":"wp","href":"https:\/\/api.w.org\/{rel}","templated":true}]}}