{"id":1738,"date":"2022-07-21T14:56:34","date_gmt":"2022-07-21T14:56:34","guid":{"rendered":"https:\/\/www.hypertera.com\/?product=magneetti-varilajitelma-40-mm-1-pkt-4"},"modified":"2022-07-21T14:56:42","modified_gmt":"2022-07-21T14:56:42","slug":"magneetti-varilajitelma-40-mm-1-pkt-4","status":"publish","type":"product","link":"https:\/\/www.hypertera.com\/?product=magneetti-varilajitelma-40-mm-1-pkt-4","title":{"rendered":"Magneetti, varilajitelma, 40 mm, 1 pkt\/4"},"content":{"rendered":"<p>V\u00e4rilajitelma s\u00e4teelt\u00e4\u00e4n 40 mm suuruisia magneetteja. V\u00e4reina, punainen, sininen, keltainen ja vihre\u00e4.<\/p>\n","protected":false},"excerpt":{"rendered":"<p>Magneetti, 1 pkt\/4<\/p>\n","protected":false},"featured_media":1739,"comment_status":"closed","ping_status":"closed","template":"","meta":[],"product_brand":[],"product_cat":[539,50,543,540,542,541,16],"product_tag":[544],"class_list":{"0":"post-1738","1":"product","2":"type-product","3":"status-publish","4":"has-post-thumbnail","6":"product_cat-av-kalusteet-kalusteet","7":"product_cat-kalusteet","8":"product_cat-magneetit","9":"product_cat-taulutarvikkeettuotteet","10":"product_cat-toimiston-pientarvikkeet-toimistotarvikkeet-taulutarvikkeettuotteet","11":"product_cat-toimistotarvikkeet-taulutarvikkeettuotteet","12":"product_cat-tuotteet","13":"product_tag-magneetit","15":"first","16":"instock","17":"purchasable","18":"product-type-simple"},"jetpack_sharing_enabled":true,"_links":{"self":[{"href":"https:\/\/www.hypertera.com\/index.php?rest_route=\/wp\/v2\/product\/1738","targetHints":{"allow":["GET"]}}],"collection":[{"href":"https:\/\/www.hypertera.com\/index.php?rest_route=\/wp\/v2\/product"}],"about":[{"href":"https:\/\/www.hypertera.com\/index.php?rest_route=\/wp\/v2\/types\/product"}],"replies":[{"embeddable":true,"href":"https:\/\/www.hypertera.com\/index.php?rest_route=%2Fwp%2Fv2%2Fcomments&post=1738"}],"wp:featuredmedia":[{"embeddable":true,"href":"https:\/\/www.hypertera.com\/index.php?rest_route=\/wp\/v2\/media\/1739"}],"wp:attachment":[{"href":"https:\/\/www.hypertera.com\/index.php?rest_route=%2Fwp%2Fv2%2Fmedia&parent=1738"}],"wp:term":[{"taxonomy":"product_brand","embeddable":true,"href":"https:\/\/www.hypertera.com\/index.php?rest_route=%2Fwp%2Fv2%2Fproduct_brand&post=1738"},{"taxonomy":"product_cat","embeddable":true,"href":"https:\/\/www.hypertera.com\/index.php?rest_route=%2Fwp%2Fv2%2Fproduct_cat&post=1738"},{"taxonomy":"product_tag","embeddable":true,"href":"https:\/\/www.hypertera.com\/index.php?rest_route=%2Fwp%2Fv2%2Fproduct_tag&post=1738"}],"curies":[{"name":"wp","href":"https:\/\/api.w.org\/{rel}","templated":true}]}}