{"id":1730,"date":"2022-07-21T14:56:34","date_gmt":"2022-07-21T14:56:34","guid":{"rendered":"https:\/\/www.hypertera.com\/?product=magneetti-25-mm-punainen-1-pkt-10"},"modified":"2022-07-21T14:56:34","modified_gmt":"2022-07-21T14:56:34","slug":"magneetti-25-mm-punainen-1-pkt-10","status":"publish","type":"product","link":"https:\/\/www.hypertera.com\/?product=magneetti-25-mm-punainen-1-pkt-10","title":{"rendered":"Magneetti, 25 mm, punainen, 1 pkt\/10"},"content":{"rendered":"<p>Voimakas punainen py\u00f6re\u00e4 (halkaisija: 2,5 cm) magneetti niin j\u00e4\u00e4kaappi kuin valkotaulu k\u00e4ytt\u00f6\u00f6n. Lasivalkotaulut tarvitsevat erikoismagneetin<\/p>\n","protected":false},"excerpt":{"rendered":"<p>Voimakas punainen py\u00f6re\u00e4 (halkaisija: 2,5 cm) magneetti niin j\u00e4\u00e4kaappi kuin valkotaulu k\u00e4ytt\u00f6\u00f6n. Lasivalkotaulut tarvitsevat erikoismagneetin<\/p>\n","protected":false},"featured_media":1731,"comment_status":"closed","ping_status":"closed","template":"","meta":[],"product_brand":[],"product_cat":[539,50,543,540,542,541,16],"product_tag":[544],"class_list":{"0":"post-1730","1":"product","2":"type-product","3":"status-publish","4":"has-post-thumbnail","6":"product_cat-av-kalusteet-kalusteet","7":"product_cat-kalusteet","8":"product_cat-magneetit","9":"product_cat-taulutarvikkeettuotteet","10":"product_cat-toimiston-pientarvikkeet-toimistotarvikkeet-taulutarvikkeettuotteet","11":"product_cat-toimistotarvikkeet-taulutarvikkeettuotteet","12":"product_cat-tuotteet","13":"product_tag-magneetit","15":"first","16":"instock","17":"purchasable","18":"product-type-simple"},"jetpack_sharing_enabled":true,"_links":{"self":[{"href":"https:\/\/www.hypertera.com\/index.php?rest_route=\/wp\/v2\/product\/1730","targetHints":{"allow":["GET"]}}],"collection":[{"href":"https:\/\/www.hypertera.com\/index.php?rest_route=\/wp\/v2\/product"}],"about":[{"href":"https:\/\/www.hypertera.com\/index.php?rest_route=\/wp\/v2\/types\/product"}],"replies":[{"embeddable":true,"href":"https:\/\/www.hypertera.com\/index.php?rest_route=%2Fwp%2Fv2%2Fcomments&post=1730"}],"wp:featuredmedia":[{"embeddable":true,"href":"https:\/\/www.hypertera.com\/index.php?rest_route=\/wp\/v2\/media\/1731"}],"wp:attachment":[{"href":"https:\/\/www.hypertera.com\/index.php?rest_route=%2Fwp%2Fv2%2Fmedia&parent=1730"}],"wp:term":[{"taxonomy":"product_brand","embeddable":true,"href":"https:\/\/www.hypertera.com\/index.php?rest_route=%2Fwp%2Fv2%2Fproduct_brand&post=1730"},{"taxonomy":"product_cat","embeddable":true,"href":"https:\/\/www.hypertera.com\/index.php?rest_route=%2Fwp%2Fv2%2Fproduct_cat&post=1730"},{"taxonomy":"product_tag","embeddable":true,"href":"https:\/\/www.hypertera.com\/index.php?rest_route=%2Fwp%2Fv2%2Fproduct_tag&post=1730"}],"curies":[{"name":"wp","href":"https:\/\/api.w.org\/{rel}","templated":true}]}}