{"id":173,"date":"2022-07-21T13:41:06","date_gmt":"2022-07-21T13:41:06","guid":{"rendered":"https:\/\/www.hypertera.com\/?product=din-liitin-sukupuolenvaihtaja-liittimet-2xminidin6-naaras"},"modified":"2022-07-21T13:42:06","modified_gmt":"2022-07-21T13:42:06","slug":"din-liitin-sukupuolenvaihtaja-liittimet-2xminidin6-naaras","status":"publish","type":"product","link":"https:\/\/www.hypertera.com\/?product=din-liitin-sukupuolenvaihtaja-liittimet-2xminidin6-naaras","title":{"rendered":"DIN-liitin, Sukupuolenvaihtaja, liittimet 2xMiniDin6-naaras"},"content":{"rendered":"<p>DIN-sukupuolenvaihtaja. Liittimet 2 kpl MiniDin6-naaras. Mini-DIN-liittimi\u00e4 k\u00e4ytet\u00e4\u00e4n esim. tietokoneen n\u00e4pp\u00e4imist\u00f6n ja hiiren liittimin\u00e4.<\/p>\n","protected":false},"excerpt":{"rendered":"<p>Sukupuolenvaihtaja liittimet 2xMiniDin6-naaras DIN-liitin<\/p>\n","protected":false},"featured_media":174,"comment_status":"closed","ping_status":"closed","template":"","meta":[],"product_brand":[],"product_cat":[15],"product_tag":[102],"class_list":{"0":"post-173","1":"product","2":"type-product","3":"status-publish","4":"has-post-thumbnail","6":"product_cat-uncategorized","7":"product_tag-din-liittimet","9":"first","10":"instock","11":"purchasable","12":"product-type-simple"},"jetpack_sharing_enabled":true,"_links":{"self":[{"href":"https:\/\/www.hypertera.com\/index.php?rest_route=\/wp\/v2\/product\/173","targetHints":{"allow":["GET"]}}],"collection":[{"href":"https:\/\/www.hypertera.com\/index.php?rest_route=\/wp\/v2\/product"}],"about":[{"href":"https:\/\/www.hypertera.com\/index.php?rest_route=\/wp\/v2\/types\/product"}],"replies":[{"embeddable":true,"href":"https:\/\/www.hypertera.com\/index.php?rest_route=%2Fwp%2Fv2%2Fcomments&post=173"}],"wp:featuredmedia":[{"embeddable":true,"href":"https:\/\/www.hypertera.com\/index.php?rest_route=\/wp\/v2\/media\/174"}],"wp:attachment":[{"href":"https:\/\/www.hypertera.com\/index.php?rest_route=%2Fwp%2Fv2%2Fmedia&parent=173"}],"wp:term":[{"taxonomy":"product_brand","embeddable":true,"href":"https:\/\/www.hypertera.com\/index.php?rest_route=%2Fwp%2Fv2%2Fproduct_brand&post=173"},{"taxonomy":"product_cat","embeddable":true,"href":"https:\/\/www.hypertera.com\/index.php?rest_route=%2Fwp%2Fv2%2Fproduct_cat&post=173"},{"taxonomy":"product_tag","embeddable":true,"href":"https:\/\/www.hypertera.com\/index.php?rest_route=%2Fwp%2Fv2%2Fproduct_tag&post=173"}],"curies":[{"name":"wp","href":"https:\/\/api.w.org\/{rel}","templated":true}]}}