{"id":1726,"date":"2022-07-21T14:55:58","date_gmt":"2022-07-21T14:55:58","guid":{"rendered":"https:\/\/www.hypertera.com\/?product=maastopyora-arctifit-langtu-21-vaihdetta-levyjarrut-jousitettu-etuhaarukka-l-koko"},"modified":"2022-07-21T14:56:16","modified_gmt":"2022-07-21T14:56:16","slug":"maastopyora-arctifit-langtu-21-vaihdetta-levyjarrut-jousitettu-etuhaarukka-l-koko","status":"publish","type":"product","link":"https:\/\/www.hypertera.com\/?product=maastopyora-arctifit-langtu-21-vaihdetta-levyjarrut-jousitettu-etuhaarukka-l-koko","title":{"rendered":"Maastopy\u00f6r\u00e4, Arctifit, Langtu 21 vaihdetta, levyjarrut, jousitettu etuhaarukka, l-koko"},"content":{"rendered":"<p>21 -vaihteinen maastopy\u00f6r\u00e4. Shimanon vaihteisto. Jousitettu etuhaarukka. Korkeuss\u00e4\u00e4dett\u00e4v\u00e4 satula ja ohjaustanko. Takana ja edess\u00e4 k\u00e4sik\u00e4ytt\u00f6inen levyjarru. Eteen on mahdollista asentaa erikseen hankittavat perinteiset jarrut. Py\u00f6r\u00e4ss\u00e4 on mukana seisontatuki. Valmistettu kevytmetallista. Tilaa lokasuojat erikseen. Toimitetaan esikoottuna. Keskikokoinen malli. Etupy\u00f6r\u00e4ss\u00e4 ja satulassa pikalukitus nopean ja helpon vaihdon ja kokoamisen helpottamiseksi.<\/p>\n","protected":false},"excerpt":{"rendered":"<p>Arctifit Langtu 21 vaihdetta levyjarrut Maastopy\u00f6r\u00e4<\/p>\n","protected":false},"featured_media":1727,"comment_status":"closed","ping_status":"closed","template":"","meta":[],"product_brand":[],"product_cat":[15],"product_tag":[538],"class_list":{"0":"post-1726","1":"product","2":"type-product","3":"status-publish","4":"has-post-thumbnail","6":"product_cat-uncategorized","7":"product_tag-maastopyorat","9":"first","10":"instock","11":"purchasable","12":"product-type-simple"},"jetpack_sharing_enabled":true,"_links":{"self":[{"href":"https:\/\/www.hypertera.com\/index.php?rest_route=\/wp\/v2\/product\/1726","targetHints":{"allow":["GET"]}}],"collection":[{"href":"https:\/\/www.hypertera.com\/index.php?rest_route=\/wp\/v2\/product"}],"about":[{"href":"https:\/\/www.hypertera.com\/index.php?rest_route=\/wp\/v2\/types\/product"}],"replies":[{"embeddable":true,"href":"https:\/\/www.hypertera.com\/index.php?rest_route=%2Fwp%2Fv2%2Fcomments&post=1726"}],"wp:featuredmedia":[{"embeddable":true,"href":"https:\/\/www.hypertera.com\/index.php?rest_route=\/wp\/v2\/media\/1727"}],"wp:attachment":[{"href":"https:\/\/www.hypertera.com\/index.php?rest_route=%2Fwp%2Fv2%2Fmedia&parent=1726"}],"wp:term":[{"taxonomy":"product_brand","embeddable":true,"href":"https:\/\/www.hypertera.com\/index.php?rest_route=%2Fwp%2Fv2%2Fproduct_brand&post=1726"},{"taxonomy":"product_cat","embeddable":true,"href":"https:\/\/www.hypertera.com\/index.php?rest_route=%2Fwp%2Fv2%2Fproduct_cat&post=1726"},{"taxonomy":"product_tag","embeddable":true,"href":"https:\/\/www.hypertera.com\/index.php?rest_route=%2Fwp%2Fv2%2Fproduct_tag&post=1726"}],"curies":[{"name":"wp","href":"https:\/\/api.w.org\/{rel}","templated":true}]}}