{"id":171,"date":"2022-07-21T13:41:06","date_gmt":"2022-07-21T13:41:06","guid":{"rendered":"https:\/\/www.hypertera.com\/?product=diffuusiovarjo-lapikuultava-84-cm"},"modified":"2022-07-21T13:42:05","modified_gmt":"2022-07-21T13:42:05","slug":"diffuusiovarjo-lapikuultava-84-cm","status":"publish","type":"product","link":"https:\/\/www.hypertera.com\/?product=diffuusiovarjo-lapikuultava-84-cm","title":{"rendered":"Diffuusiovarjo, l\u00e4pikuultava, 84 cm"},"content":{"rendered":"<p>L\u00e4pikuultavan valkoisella difuussiovarjolla voit heijastaa pehme\u00e4\u00e4 valoaa. Toisaalta voit my\u00f6s valaista sateenvarjon l\u00e4pi, ja saavuttaa perinteiseen &quot;Soft box&quot; -diffuusiosuotimeen verrattavan efektin &#8211; joskin menet\u00e4t hieman enemm\u00e4n valoa. Diffuusiovarjo on kuitenkin nopea koota ja helppo kuljettuua mukana &#8211; toisin kuin muut suotimet.<\/p>\n","protected":false},"excerpt":{"rendered":"<p>84 cm Linkstar l\u00e4pikuultava Diffuusiovarjo<\/p>\n","protected":false},"featured_media":172,"comment_status":"closed","ping_status":"closed","template":"","meta":[],"product_brand":[],"product_cat":[15],"product_tag":[101],"class_list":{"0":"post-171","1":"product","2":"type-product","3":"status-publish","4":"has-post-thumbnail","6":"product_cat-uncategorized","7":"product_tag-diffuusiovarjot","9":"first","10":"outofstock","11":"purchasable","12":"product-type-simple"},"jetpack_sharing_enabled":true,"_links":{"self":[{"href":"https:\/\/www.hypertera.com\/index.php?rest_route=\/wp\/v2\/product\/171","targetHints":{"allow":["GET"]}}],"collection":[{"href":"https:\/\/www.hypertera.com\/index.php?rest_route=\/wp\/v2\/product"}],"about":[{"href":"https:\/\/www.hypertera.com\/index.php?rest_route=\/wp\/v2\/types\/product"}],"replies":[{"embeddable":true,"href":"https:\/\/www.hypertera.com\/index.php?rest_route=%2Fwp%2Fv2%2Fcomments&post=171"}],"wp:featuredmedia":[{"embeddable":true,"href":"https:\/\/www.hypertera.com\/index.php?rest_route=\/wp\/v2\/media\/172"}],"wp:attachment":[{"href":"https:\/\/www.hypertera.com\/index.php?rest_route=%2Fwp%2Fv2%2Fmedia&parent=171"}],"wp:term":[{"taxonomy":"product_brand","embeddable":true,"href":"https:\/\/www.hypertera.com\/index.php?rest_route=%2Fwp%2Fv2%2Fproduct_brand&post=171"},{"taxonomy":"product_cat","embeddable":true,"href":"https:\/\/www.hypertera.com\/index.php?rest_route=%2Fwp%2Fv2%2Fproduct_cat&post=171"},{"taxonomy":"product_tag","embeddable":true,"href":"https:\/\/www.hypertera.com\/index.php?rest_route=%2Fwp%2Fv2%2Fproduct_tag&post=171"}],"curies":[{"name":"wp","href":"https:\/\/api.w.org\/{rel}","templated":true}]}}