{"id":1702,"date":"2022-07-21T14:55:35","date_gmt":"2022-07-21T14:55:35","guid":{"rendered":"https:\/\/www.hypertera.com\/?product=maakaukoputki-konus-konuspot-50-15-40x50"},"modified":"2022-07-21T14:55:37","modified_gmt":"2022-07-21T14:55:37","slug":"maakaukoputki-konus-konuspot-50-15-40x50","status":"publish","type":"product","link":"https:\/\/www.hypertera.com\/?product=maakaukoputki-konus-konuspot-50-15-40x50","title":{"rendered":"Maakaukoputki, Konus Konuspot-50, 15-40&#215;50"},"content":{"rendered":"<p>Maakaukoputki 15 &#8211; 40 -kertaisella suurennoksella ja 50 mm objektiivin halkaisijalla soveltuu hyvin esimerkiksi lintujen seuraamiseen. Suurennos on s\u00e4\u00e4dett\u00e4viss\u00e4 v\u00e4lill\u00e4 15-40. Linssit ovat BaK-4 -lasia ja niiss\u00e4 on moninkertainen pinnoitus heijastusten est\u00e4miseksi ja kuvanlaadun parantamiseksi.  Huomaa, ett\u00e4 valokuvaamiseen soveltuvat paremmin Konuspot 65, 70, 80 ja 100, joihin sis\u00e4ltyy adapteri, jonka lis\u00e4ksi tarvitset vain kameraasi sopivan T2-adapterin.<\/p>\n","protected":false},"excerpt":{"rendered":"<p>Konus Konuspot-50 15-40&#215;50 Maakaukoputki<\/p>\n","protected":false},"featured_media":1703,"comment_status":"closed","ping_status":"closed","template":"","meta":[],"product_brand":[],"product_cat":[15],"product_tag":[533],"class_list":{"0":"post-1702","1":"product","2":"type-product","3":"status-publish","4":"has-post-thumbnail","6":"product_cat-uncategorized","7":"product_tag-maakaukoputket","9":"first","10":"instock","11":"purchasable","12":"product-type-simple"},"jetpack_sharing_enabled":true,"_links":{"self":[{"href":"https:\/\/www.hypertera.com\/index.php?rest_route=\/wp\/v2\/product\/1702","targetHints":{"allow":["GET"]}}],"collection":[{"href":"https:\/\/www.hypertera.com\/index.php?rest_route=\/wp\/v2\/product"}],"about":[{"href":"https:\/\/www.hypertera.com\/index.php?rest_route=\/wp\/v2\/types\/product"}],"replies":[{"embeddable":true,"href":"https:\/\/www.hypertera.com\/index.php?rest_route=%2Fwp%2Fv2%2Fcomments&post=1702"}],"wp:featuredmedia":[{"embeddable":true,"href":"https:\/\/www.hypertera.com\/index.php?rest_route=\/wp\/v2\/media\/1703"}],"wp:attachment":[{"href":"https:\/\/www.hypertera.com\/index.php?rest_route=%2Fwp%2Fv2%2Fmedia&parent=1702"}],"wp:term":[{"taxonomy":"product_brand","embeddable":true,"href":"https:\/\/www.hypertera.com\/index.php?rest_route=%2Fwp%2Fv2%2Fproduct_brand&post=1702"},{"taxonomy":"product_cat","embeddable":true,"href":"https:\/\/www.hypertera.com\/index.php?rest_route=%2Fwp%2Fv2%2Fproduct_cat&post=1702"},{"taxonomy":"product_tag","embeddable":true,"href":"https:\/\/www.hypertera.com\/index.php?rest_route=%2Fwp%2Fv2%2Fproduct_tag&post=1702"}],"curies":[{"name":"wp","href":"https:\/\/api.w.org\/{rel}","templated":true}]}}