{"id":1700,"date":"2022-07-21T14:55:35","date_gmt":"2022-07-21T14:55:35","guid":{"rendered":"https:\/\/www.hypertera.com\/?product=maakaukoputki-konus-konuspot-100-30-60x-100"},"modified":"2022-07-21T14:55:35","modified_gmt":"2022-07-21T14:55:35","slug":"maakaukoputki-konus-konuspot-100-30-60x-100","status":"publish","type":"product","link":"https:\/\/www.hypertera.com\/?product=maakaukoputki-konus-konuspot-100-30-60x-100","title":{"rendered":"Maakaukoputki, Konus Konuspot-100, 30-60x 100"},"content":{"rendered":"<p>Suurikokoinen maakaukoputki ter\u00e4v\u00e4ll\u00e4 kuvalla ja suurella kirkkaudella. Objektiivin halkaisija on jopa 100 mm ja suurennos on s\u00e4\u00e4dett\u00e4viss\u00e4 v\u00e4lill\u00e4 20-60x. Putkessa tulee mukana laajakulmainen okulaari. Metallirunko on p\u00e4\u00e4llystetty kumilla. Katseluputki on 45 kulmassa runkoon n\u00e4hden, ja siihen tulee mukana kamera-adapteri (lis\u00e4ksi tarvitset kameraasi sopivan T2-adapterin, jota ei ole paketissa mukana). Paketissa toimitetaan my\u00f6s kuljetuslaukku.  Linssit ovat BaK-4 -materiaalia ja ne on pinnoitettu useampaan kertaan kuvanlaadun parantamiseksi ja heijastusten v\u00e4hent\u00e4miseksi. Pituutta putkella on 48 cm ja paino on 2400 grammaa, joten putki vaatii erillisen jalustan.  Putki on kosteussuojattu. Takuu 1 vuosi.<\/p>\n","protected":false},"excerpt":{"rendered":"<p>Konus Konuspot-100 30-60x 100 Maakaukoputki<\/p>\n","protected":false},"featured_media":1701,"comment_status":"closed","ping_status":"closed","template":"","meta":[],"product_brand":[],"product_cat":[15],"product_tag":[533],"class_list":{"0":"post-1700","1":"product","2":"type-product","3":"status-publish","4":"has-post-thumbnail","6":"product_cat-uncategorized","7":"product_tag-maakaukoputket","9":"first","10":"outofstock","11":"purchasable","12":"product-type-simple"},"jetpack_sharing_enabled":true,"_links":{"self":[{"href":"https:\/\/www.hypertera.com\/index.php?rest_route=\/wp\/v2\/product\/1700","targetHints":{"allow":["GET"]}}],"collection":[{"href":"https:\/\/www.hypertera.com\/index.php?rest_route=\/wp\/v2\/product"}],"about":[{"href":"https:\/\/www.hypertera.com\/index.php?rest_route=\/wp\/v2\/types\/product"}],"replies":[{"embeddable":true,"href":"https:\/\/www.hypertera.com\/index.php?rest_route=%2Fwp%2Fv2%2Fcomments&post=1700"}],"wp:featuredmedia":[{"embeddable":true,"href":"https:\/\/www.hypertera.com\/index.php?rest_route=\/wp\/v2\/media\/1701"}],"wp:attachment":[{"href":"https:\/\/www.hypertera.com\/index.php?rest_route=%2Fwp%2Fv2%2Fmedia&parent=1700"}],"wp:term":[{"taxonomy":"product_brand","embeddable":true,"href":"https:\/\/www.hypertera.com\/index.php?rest_route=%2Fwp%2Fv2%2Fproduct_brand&post=1700"},{"taxonomy":"product_cat","embeddable":true,"href":"https:\/\/www.hypertera.com\/index.php?rest_route=%2Fwp%2Fv2%2Fproduct_cat&post=1700"},{"taxonomy":"product_tag","embeddable":true,"href":"https:\/\/www.hypertera.com\/index.php?rest_route=%2Fwp%2Fv2%2Fproduct_tag&post=1700"}],"curies":[{"name":"wp","href":"https:\/\/api.w.org\/{rel}","templated":true}]}}