{"id":167,"date":"2022-07-21T13:41:06","date_gmt":"2022-07-21T13:41:06","guid":{"rendered":"https:\/\/www.hypertera.com\/?product=diffuusiovarjo-hopea-valkoinen-kaannettava-100-cm"},"modified":"2022-07-21T13:42:02","modified_gmt":"2022-07-21T13:42:02","slug":"diffuusiovarjo-hopea-valkoinen-kaannettava-100-cm","status":"publish","type":"product","link":"https:\/\/www.hypertera.com\/?product=diffuusiovarjo-hopea-valkoinen-kaannettava-100-cm","title":{"rendered":"Diffuusiovarjo, hopea\/valkoinen, k\u00e4\u00e4nnett\u00e4v\u00e4, 100 cm"},"content":{"rendered":"<p>Diffuusiovarjo, eli &quot;sateenvarjo&quot;, jossa toinen puoli on kiilt\u00e4v\u00e4 hopea ja toinen puoli on kiilt\u00e4v\u00e4 mattavalkea. Hopeanv\u00e4rinen puoli heijastaa valon muuttamatta v\u00e4ril\u00e4mp\u00f6tilaa. Hopeanv\u00e4rinen puoli heijastaa &quot;ter\u00e4v\u00e4mp\u00e4\u00e4&quot; valoa, ja valkoisella puolella voit aikaansaada hieman pehme\u00e4mm\u00e4n vaikutelman. Sateenvarjon kangas on k\u00e4\u00e4nnett\u00e4viss\u00e4 halutulle puolelle. Helppo kiinnitt\u00e4\u00e4 kaikkiin valokuvausvarjojen standardikiinnikkeisiin.  Linkstarin varjot soveltuvat niin salamavalojen ja &quot;kuumien&quot;, jatkuvatoimisten, studiovalojen k\u00e4ytt\u00f6\u00f6n.<\/p>\n","protected":false},"excerpt":{"rendered":"<p>100 cm Linkstar hopea\/valkoinen k\u00e4\u00e4nnett\u00e4v\u00e4 Diffuusiovarjo<\/p>\n","protected":false},"featured_media":168,"comment_status":"closed","ping_status":"closed","template":"","meta":[],"product_brand":[],"product_cat":[15],"product_tag":[101],"class_list":{"0":"post-167","1":"product","2":"type-product","3":"status-publish","4":"has-post-thumbnail","6":"product_cat-uncategorized","7":"product_tag-diffuusiovarjot","9":"first","10":"instock","11":"purchasable","12":"product-type-simple"},"jetpack_sharing_enabled":true,"_links":{"self":[{"href":"https:\/\/www.hypertera.com\/index.php?rest_route=\/wp\/v2\/product\/167","targetHints":{"allow":["GET"]}}],"collection":[{"href":"https:\/\/www.hypertera.com\/index.php?rest_route=\/wp\/v2\/product"}],"about":[{"href":"https:\/\/www.hypertera.com\/index.php?rest_route=\/wp\/v2\/types\/product"}],"replies":[{"embeddable":true,"href":"https:\/\/www.hypertera.com\/index.php?rest_route=%2Fwp%2Fv2%2Fcomments&post=167"}],"wp:featuredmedia":[{"embeddable":true,"href":"https:\/\/www.hypertera.com\/index.php?rest_route=\/wp\/v2\/media\/168"}],"wp:attachment":[{"href":"https:\/\/www.hypertera.com\/index.php?rest_route=%2Fwp%2Fv2%2Fmedia&parent=167"}],"wp:term":[{"taxonomy":"product_brand","embeddable":true,"href":"https:\/\/www.hypertera.com\/index.php?rest_route=%2Fwp%2Fv2%2Fproduct_brand&post=167"},{"taxonomy":"product_cat","embeddable":true,"href":"https:\/\/www.hypertera.com\/index.php?rest_route=%2Fwp%2Fv2%2Fproduct_cat&post=167"},{"taxonomy":"product_tag","embeddable":true,"href":"https:\/\/www.hypertera.com\/index.php?rest_route=%2Fwp%2Fv2%2Fproduct_tag&post=167"}],"curies":[{"name":"wp","href":"https:\/\/api.w.org\/{rel}","templated":true}]}}