{"id":1669,"date":"2022-07-21T14:54:00","date_gmt":"2022-07-21T14:54:00","guid":{"rendered":"https:\/\/www.hypertera.com\/?product=lahetyslomake-575-a5-pysty-tilauslomake-75-lehtea"},"modified":"2022-07-21T14:54:05","modified_gmt":"2022-07-21T14:54:05","slug":"lahetyslomake-575-a5-pysty-tilauslomake-75-lehtea","status":"publish","type":"product","link":"https:\/\/www.hypertera.com\/?product=lahetyslomake-575-a5-pysty-tilauslomake-75-lehtea","title":{"rendered":"L\u00e4hetyslomake, 575, A5\/pysty, tilauslomake, 75 lehte\u00e4"},"content":{"rendered":"<p>J\u00e4ljent\u00e4v\u00e4\u00e4 paperia. Perforoitu. 1-5 kopiota. 75 lehte\u00e4. Viivaus, suomi\/ruotsi.<\/p>\n","protected":false},"excerpt":{"rendered":"<p>J\u00e4ljent\u00e4v\u00e4\u00e4 paperia. Perforoitu. 1-5 kopiota. 75 lehte\u00e4. Viivaus, suomi\/ruotsi.<\/p>\n","protected":false},"featured_media":1670,"comment_status":"closed","ping_status":"closed","template":"","meta":[],"product_brand":[],"product_cat":[360,47,361,362,30,16],"product_tag":[520],"class_list":{"0":"post-1669","1":"product","2":"type-product","3":"status-publish","4":"has-post-thumbnail","6":"product_cat-esipainetut-lomakkeettuotteet","7":"product_cat-lomakkeet-ja-kirjoituspaperit","8":"product_cat-muut-tuotteet-esipainetut-lomakkeettuotteet","9":"product_cat-painetut-lomakkeet","10":"product_cat-toimistotarvikkeet","11":"product_cat-tuotteet","12":"product_tag-lahetyslomakkeet","14":"first","15":"outofstock","16":"purchasable","17":"product-type-simple"},"jetpack_sharing_enabled":true,"_links":{"self":[{"href":"https:\/\/www.hypertera.com\/index.php?rest_route=\/wp\/v2\/product\/1669","targetHints":{"allow":["GET"]}}],"collection":[{"href":"https:\/\/www.hypertera.com\/index.php?rest_route=\/wp\/v2\/product"}],"about":[{"href":"https:\/\/www.hypertera.com\/index.php?rest_route=\/wp\/v2\/types\/product"}],"replies":[{"embeddable":true,"href":"https:\/\/www.hypertera.com\/index.php?rest_route=%2Fwp%2Fv2%2Fcomments&post=1669"}],"wp:featuredmedia":[{"embeddable":true,"href":"https:\/\/www.hypertera.com\/index.php?rest_route=\/wp\/v2\/media\/1670"}],"wp:attachment":[{"href":"https:\/\/www.hypertera.com\/index.php?rest_route=%2Fwp%2Fv2%2Fmedia&parent=1669"}],"wp:term":[{"taxonomy":"product_brand","embeddable":true,"href":"https:\/\/www.hypertera.com\/index.php?rest_route=%2Fwp%2Fv2%2Fproduct_brand&post=1669"},{"taxonomy":"product_cat","embeddable":true,"href":"https:\/\/www.hypertera.com\/index.php?rest_route=%2Fwp%2Fv2%2Fproduct_cat&post=1669"},{"taxonomy":"product_tag","embeddable":true,"href":"https:\/\/www.hypertera.com\/index.php?rest_route=%2Fwp%2Fv2%2Fproduct_tag&post=1669"}],"curies":[{"name":"wp","href":"https:\/\/api.w.org\/{rel}","templated":true}]}}