{"id":165,"date":"2022-07-21T13:41:06","date_gmt":"2022-07-21T13:41:06","guid":{"rendered":"https:\/\/www.hypertera.com\/?product=diffuusiovarjo-hopea-kulta-kaannettava-84-cm"},"modified":"2022-07-21T13:42:01","modified_gmt":"2022-07-21T13:42:01","slug":"diffuusiovarjo-hopea-kulta-kaannettava-84-cm","status":"publish","type":"product","link":"https:\/\/www.hypertera.com\/?product=diffuusiovarjo-hopea-kulta-kaannettava-84-cm","title":{"rendered":"Diffuusiovarjo, hopea\/kulta, k\u00e4\u00e4nnett\u00e4v\u00e4, 84 cm"},"content":{"rendered":"<p>Diffuusiovarjo, eli &quot;sateenvarjo&quot;, jossa toinen puoli on kiilt\u00e4v\u00e4 kulta ja toinen puoli on kiilt\u00e4v\u00e4 hopea. Hopeanv\u00e4rinen puoli heijastaa valon muuttamatta v\u00e4ril\u00e4mp\u00f6tilaa. Kullanv\u00e4rinen puoli taas heijastaa &quot;l\u00e4mmint\u00e4&quot; valoa, joka erityisesti parantaa ihon v\u00e4ris\u00e4vy\u00e4. Sateenvarjon kangas on k\u00e4\u00e4nnett\u00e4viss\u00e4 halutulle puolelle. Helppo kiinnitt\u00e4\u00e4 kaikkiin valokuvausvarjojen standardikiinnikkeisiin.<\/p>\n","protected":false},"excerpt":{"rendered":"<p>84 cm Linkstar hopea\/kulta k\u00e4\u00e4nnett\u00e4v\u00e4 Diffuusiovarjo<\/p>\n","protected":false},"featured_media":166,"comment_status":"closed","ping_status":"closed","template":"","meta":[],"product_brand":[],"product_cat":[15],"product_tag":[101],"class_list":{"0":"post-165","1":"product","2":"type-product","3":"status-publish","4":"has-post-thumbnail","6":"product_cat-uncategorized","7":"product_tag-diffuusiovarjot","9":"first","10":"instock","11":"purchasable","12":"product-type-simple"},"jetpack_sharing_enabled":true,"_links":{"self":[{"href":"https:\/\/www.hypertera.com\/index.php?rest_route=\/wp\/v2\/product\/165","targetHints":{"allow":["GET"]}}],"collection":[{"href":"https:\/\/www.hypertera.com\/index.php?rest_route=\/wp\/v2\/product"}],"about":[{"href":"https:\/\/www.hypertera.com\/index.php?rest_route=\/wp\/v2\/types\/product"}],"replies":[{"embeddable":true,"href":"https:\/\/www.hypertera.com\/index.php?rest_route=%2Fwp%2Fv2%2Fcomments&post=165"}],"wp:featuredmedia":[{"embeddable":true,"href":"https:\/\/www.hypertera.com\/index.php?rest_route=\/wp\/v2\/media\/166"}],"wp:attachment":[{"href":"https:\/\/www.hypertera.com\/index.php?rest_route=%2Fwp%2Fv2%2Fmedia&parent=165"}],"wp:term":[{"taxonomy":"product_brand","embeddable":true,"href":"https:\/\/www.hypertera.com\/index.php?rest_route=%2Fwp%2Fv2%2Fproduct_brand&post=165"},{"taxonomy":"product_cat","embeddable":true,"href":"https:\/\/www.hypertera.com\/index.php?rest_route=%2Fwp%2Fv2%2Fproduct_cat&post=165"},{"taxonomy":"product_tag","embeddable":true,"href":"https:\/\/www.hypertera.com\/index.php?rest_route=%2Fwp%2Fv2%2Fproduct_tag&post=165"}],"curies":[{"name":"wp","href":"https:\/\/api.w.org\/{rel}","templated":true}]}}