{"id":1644,"date":"2022-07-21T14:53:15","date_gmt":"2022-07-21T14:53:15","guid":{"rendered":"https:\/\/www.hypertera.com\/?product=lumilapio-efekt"},"modified":"2022-07-21T14:53:24","modified_gmt":"2022-07-21T14:53:24","slug":"lumilapio-efekt","status":"publish","type":"product","link":"https:\/\/www.hypertera.com\/?product=lumilapio-efekt","title":{"rendered":"Lumilapio  EFEKT"},"content":{"rendered":"<p>EFEKT lumilapio ammatilliseen k\u00e4ytt\u00f6\u00f6n. Lumet tulee luotua nopeammin ja helpommin. Ergonominen lumilapio tarjoaa terveellisemm\u00e4n ja luonnollisemman ryhdin ja v\u00e4hent\u00e4\u00e4 ranteiden rasitusta. Termop\u00e4\u00e4llysteinen ja liukumaton kahva. Lumilapio painaa vain 1,3 kg. Lapio on vahva ja kest\u00e4v\u00e4. Vahvistettu lapion p\u00e4\u00e4 mahdollistaa j\u00e4\u00e4n rikkomisen. Kahvan loppup\u00e4\u00e4 tarjoaa tehokasta kontrollia lapioinnin aikana. T\u00e4ll\u00e4 lapiolla kaikille on helppoa lapioida lunta  Ter\u00e4n leveys 370 mm ja korkeus 570 mm. Kokonaiskorkeus 1610 mm, kahvan paksuus 36 mm ja paino 1,3 kg.<\/p>\n","protected":false},"excerpt":{"rendered":"<p>EFEKT Lumilapio<\/p>\n","protected":false},"featured_media":0,"comment_status":"closed","ping_status":"closed","template":"","meta":[],"product_brand":[],"product_cat":[15],"product_tag":[515],"class_list":{"0":"post-1644","1":"product","2":"type-product","3":"status-publish","5":"product_cat-uncategorized","6":"product_tag-lumilapiot","8":"first","9":"outofstock","10":"purchasable","11":"product-type-simple"},"jetpack_sharing_enabled":true,"_links":{"self":[{"href":"https:\/\/www.hypertera.com\/index.php?rest_route=\/wp\/v2\/product\/1644","targetHints":{"allow":["GET"]}}],"collection":[{"href":"https:\/\/www.hypertera.com\/index.php?rest_route=\/wp\/v2\/product"}],"about":[{"href":"https:\/\/www.hypertera.com\/index.php?rest_route=\/wp\/v2\/types\/product"}],"replies":[{"embeddable":true,"href":"https:\/\/www.hypertera.com\/index.php?rest_route=%2Fwp%2Fv2%2Fcomments&post=1644"}],"wp:attachment":[{"href":"https:\/\/www.hypertera.com\/index.php?rest_route=%2Fwp%2Fv2%2Fmedia&parent=1644"}],"wp:term":[{"taxonomy":"product_brand","embeddable":true,"href":"https:\/\/www.hypertera.com\/index.php?rest_route=%2Fwp%2Fv2%2Fproduct_brand&post=1644"},{"taxonomy":"product_cat","embeddable":true,"href":"https:\/\/www.hypertera.com\/index.php?rest_route=%2Fwp%2Fv2%2Fproduct_cat&post=1644"},{"taxonomy":"product_tag","embeddable":true,"href":"https:\/\/www.hypertera.com\/index.php?rest_route=%2Fwp%2Fv2%2Fproduct_tag&post=1644"}],"curies":[{"name":"wp","href":"https:\/\/api.w.org\/{rel}","templated":true}]}}