{"id":1637,"date":"2022-07-21T14:52:46","date_gmt":"2022-07-21T14:52:46","guid":{"rendered":"https:\/\/www.hypertera.com\/?product=luistorenkaat-arctifit-speedrollers-musta"},"modified":"2022-07-21T14:52:49","modified_gmt":"2022-07-21T14:52:49","slug":"luistorenkaat-arctifit-speedrollers-musta","status":"publish","type":"product","link":"https:\/\/www.hypertera.com\/?product=luistorenkaat-arctifit-speedrollers-musta","title":{"rendered":"Luistorenkaat, Arctifit SpeedRollers, musta"},"content":{"rendered":"<p>Lustiorenkaat nopeaan ja hauskaan temppuiluun! Keng\u00e4n kantap\u00e4\u00e4 asetetaan luistorenkaisiin ja kiinnitet\u00e4\u00e4n sopivalle leveydelle. Luistorenkailla voit liukua tasaisella alustalla vauhdikkaasti ja esitt\u00e4\u00e4 hienoimmat temppusi! Helppo kuljettaa mukana. K\u00e4yt\u00e4 vain truvallisella alueella ja asianmukaisilla suojavarusteilla.<\/p>\n","protected":false},"excerpt":{"rendered":"<p>Musta Arctifit SpeedRollers Luistorenkaat<\/p>\n","protected":false},"featured_media":1638,"comment_status":"closed","ping_status":"closed","template":"","meta":[],"product_brand":[],"product_cat":[15],"product_tag":[514],"class_list":{"0":"post-1637","1":"product","2":"type-product","3":"status-publish","4":"has-post-thumbnail","6":"product_cat-uncategorized","7":"product_tag-luistorenkaat","9":"first","10":"instock","11":"purchasable","12":"product-type-simple"},"jetpack_sharing_enabled":true,"_links":{"self":[{"href":"https:\/\/www.hypertera.com\/index.php?rest_route=\/wp\/v2\/product\/1637","targetHints":{"allow":["GET"]}}],"collection":[{"href":"https:\/\/www.hypertera.com\/index.php?rest_route=\/wp\/v2\/product"}],"about":[{"href":"https:\/\/www.hypertera.com\/index.php?rest_route=\/wp\/v2\/types\/product"}],"replies":[{"embeddable":true,"href":"https:\/\/www.hypertera.com\/index.php?rest_route=%2Fwp%2Fv2%2Fcomments&post=1637"}],"wp:featuredmedia":[{"embeddable":true,"href":"https:\/\/www.hypertera.com\/index.php?rest_route=\/wp\/v2\/media\/1638"}],"wp:attachment":[{"href":"https:\/\/www.hypertera.com\/index.php?rest_route=%2Fwp%2Fv2%2Fmedia&parent=1637"}],"wp:term":[{"taxonomy":"product_brand","embeddable":true,"href":"https:\/\/www.hypertera.com\/index.php?rest_route=%2Fwp%2Fv2%2Fproduct_brand&post=1637"},{"taxonomy":"product_cat","embeddable":true,"href":"https:\/\/www.hypertera.com\/index.php?rest_route=%2Fwp%2Fv2%2Fproduct_cat&post=1637"},{"taxonomy":"product_tag","embeddable":true,"href":"https:\/\/www.hypertera.com\/index.php?rest_route=%2Fwp%2Fv2%2Fproduct_tag&post=1637"}],"curies":[{"name":"wp","href":"https:\/\/api.w.org\/{rel}","templated":true}]}}