{"id":1631,"date":"2022-07-21T14:52:20","date_gmt":"2022-07-21T14:52:20","guid":{"rendered":"https:\/\/www.hypertera.com\/?product=lomakelaatikko-a4-musta-2"},"modified":"2022-07-21T14:52:43","modified_gmt":"2022-07-21T14:52:43","slug":"lomakelaatikko-a4-musta-2","status":"publish","type":"product","link":"https:\/\/www.hypertera.com\/?product=lomakelaatikko-a4-musta-2","title":{"rendered":"Lomakelaatikko, A4, musta"},"content":{"rendered":"<p>Tyylik\u00e4s pinottava lomakelaatikko. Materiaali kierr\u00e4tyskelpoista polystyreeni\u00e4. Mitat 255 x 60 x 345 mm (l x k x s).<\/p>\n","protected":false},"excerpt":{"rendered":"<p>Tyylik\u00e4s pinottava lomakelaatikko. Materiaali kierr\u00e4tyskelpoista polystyreeni\u00e4. Mitat 255 x 60 x 345 mm (l x k x s).<\/p>\n","protected":false},"featured_media":1632,"comment_status":"closed","ping_status":"closed","template":"","meta":[],"product_brand":[],"product_cat":[510,30,16,293],"product_tag":[511],"class_list":{"0":"post-1631","1":"product","2":"type-product","3":"status-publish","4":"has-post-thumbnail","6":"product_cat-lomakelaatikot","7":"product_cat-toimistotarvikkeet","8":"product_cat-tuotteet","9":"product_cat-tyopistetarvikkeet","10":"product_tag-lomakelaatikot","12":"first","13":"outofstock","14":"purchasable","15":"product-type-simple"},"jetpack_sharing_enabled":true,"_links":{"self":[{"href":"https:\/\/www.hypertera.com\/index.php?rest_route=\/wp\/v2\/product\/1631","targetHints":{"allow":["GET"]}}],"collection":[{"href":"https:\/\/www.hypertera.com\/index.php?rest_route=\/wp\/v2\/product"}],"about":[{"href":"https:\/\/www.hypertera.com\/index.php?rest_route=\/wp\/v2\/types\/product"}],"replies":[{"embeddable":true,"href":"https:\/\/www.hypertera.com\/index.php?rest_route=%2Fwp%2Fv2%2Fcomments&post=1631"}],"wp:featuredmedia":[{"embeddable":true,"href":"https:\/\/www.hypertera.com\/index.php?rest_route=\/wp\/v2\/media\/1632"}],"wp:attachment":[{"href":"https:\/\/www.hypertera.com\/index.php?rest_route=%2Fwp%2Fv2%2Fmedia&parent=1631"}],"wp:term":[{"taxonomy":"product_brand","embeddable":true,"href":"https:\/\/www.hypertera.com\/index.php?rest_route=%2Fwp%2Fv2%2Fproduct_brand&post=1631"},{"taxonomy":"product_cat","embeddable":true,"href":"https:\/\/www.hypertera.com\/index.php?rest_route=%2Fwp%2Fv2%2Fproduct_cat&post=1631"},{"taxonomy":"product_tag","embeddable":true,"href":"https:\/\/www.hypertera.com\/index.php?rest_route=%2Fwp%2Fv2%2Fproduct_tag&post=1631"}],"curies":[{"name":"wp","href":"https:\/\/api.w.org\/{rel}","templated":true}]}}