{"id":1627,"date":"2022-07-21T14:52:20","date_gmt":"2022-07-21T14:52:20","guid":{"rendered":"https:\/\/www.hypertera.com\/?product=lomakelaatikko-a4-lapinakyva-vihrea"},"modified":"2022-07-21T14:52:26","modified_gmt":"2022-07-21T14:52:26","slug":"lomakelaatikko-a4-lapinakyva-vihrea","status":"publish","type":"product","link":"https:\/\/www.hypertera.com\/?product=lomakelaatikko-a4-lapinakyva-vihrea","title":{"rendered":"Lomakelaatikko, A4, l\u00e4pin\u00e4kyv\u00e4 vihre\u00e4"},"content":{"rendered":"<p>Uusi Compact-design mahdollistaa lomakelaatikoiden pinoamisen p\u00e4\u00e4llek\u00e4in sek\u00e4 tiiviin s\u00e4ilytt\u00e4misen. Tehty kevyest\u00e4 ja keht\u00e4v\u00e4st\u00e4 muovista. Soveltuu A4-asiakirjojen s\u00e4ilytykseen. K\u00e4tev\u00e4 kiinnitysmekanismi.<\/p>\n","protected":false},"excerpt":{"rendered":"<p>L\u00e4pin\u00e4kyv\u00e4 vihre\u00e4 F-Office A4 Lomakelaatikko<\/p>\n","protected":false},"featured_media":1628,"comment_status":"closed","ping_status":"closed","template":"","meta":[],"product_brand":[],"product_cat":[510,30,16,293],"product_tag":[511],"class_list":{"0":"post-1627","1":"product","2":"type-product","3":"status-publish","4":"has-post-thumbnail","6":"product_cat-lomakelaatikot","7":"product_cat-toimistotarvikkeet","8":"product_cat-tuotteet","9":"product_cat-tyopistetarvikkeet","10":"product_tag-lomakelaatikot","12":"first","13":"instock","14":"purchasable","15":"product-type-simple"},"jetpack_sharing_enabled":true,"_links":{"self":[{"href":"https:\/\/www.hypertera.com\/index.php?rest_route=\/wp\/v2\/product\/1627","targetHints":{"allow":["GET"]}}],"collection":[{"href":"https:\/\/www.hypertera.com\/index.php?rest_route=\/wp\/v2\/product"}],"about":[{"href":"https:\/\/www.hypertera.com\/index.php?rest_route=\/wp\/v2\/types\/product"}],"replies":[{"embeddable":true,"href":"https:\/\/www.hypertera.com\/index.php?rest_route=%2Fwp%2Fv2%2Fcomments&post=1627"}],"wp:featuredmedia":[{"embeddable":true,"href":"https:\/\/www.hypertera.com\/index.php?rest_route=\/wp\/v2\/media\/1628"}],"wp:attachment":[{"href":"https:\/\/www.hypertera.com\/index.php?rest_route=%2Fwp%2Fv2%2Fmedia&parent=1627"}],"wp:term":[{"taxonomy":"product_brand","embeddable":true,"href":"https:\/\/www.hypertera.com\/index.php?rest_route=%2Fwp%2Fv2%2Fproduct_brand&post=1627"},{"taxonomy":"product_cat","embeddable":true,"href":"https:\/\/www.hypertera.com\/index.php?rest_route=%2Fwp%2Fv2%2Fproduct_cat&post=1627"},{"taxonomy":"product_tag","embeddable":true,"href":"https:\/\/www.hypertera.com\/index.php?rest_route=%2Fwp%2Fv2%2Fproduct_tag&post=1627"}],"curies":[{"name":"wp","href":"https:\/\/api.w.org\/{rel}","templated":true}]}}