{"id":1625,"date":"2022-07-21T14:52:20","date_gmt":"2022-07-21T14:52:20","guid":{"rendered":"https:\/\/www.hypertera.com\/?product=lomakelaatikko-a4-lapinakyva-sininen"},"modified":"2022-07-21T14:52:24","modified_gmt":"2022-07-21T14:52:24","slug":"lomakelaatikko-a4-lapinakyva-sininen","status":"publish","type":"product","link":"https:\/\/www.hypertera.com\/?product=lomakelaatikko-a4-lapinakyva-sininen","title":{"rendered":"Lomakelaatikko, A4, l\u00e4pin\u00e4kyv\u00e4 sininen"},"content":{"rendered":"<p>Uusi Compact-design mahdollistaa lomakelaatikoiden pinoamisen p\u00e4\u00e4llek\u00e4in sek\u00e4 tiiviin s\u00e4ilytt\u00e4misen. Tehty kevyest\u00e4 ja kest\u00e4v\u00e4st\u00e4 muovista. Soveltuu A4-asiakirjojen s\u00e4ilytykseen. K\u00e4tev\u00e4 kiinnitysmekanismi.  Lehtikotelo LEH-X1B sopii samaan sarjaan.<\/p>\n","protected":false},"excerpt":{"rendered":"<p>L\u00e4pin\u00e4kyv\u00e4 sininen A4 Lomakelaatikko<\/p>\n","protected":false},"featured_media":1626,"comment_status":"closed","ping_status":"closed","template":"","meta":[],"product_brand":[],"product_cat":[510,30,16,293],"product_tag":[511],"class_list":{"0":"post-1625","1":"product","2":"type-product","3":"status-publish","4":"has-post-thumbnail","6":"product_cat-lomakelaatikot","7":"product_cat-toimistotarvikkeet","8":"product_cat-tuotteet","9":"product_cat-tyopistetarvikkeet","10":"product_tag-lomakelaatikot","12":"first","13":"instock","14":"purchasable","15":"product-type-simple"},"jetpack_sharing_enabled":true,"_links":{"self":[{"href":"https:\/\/www.hypertera.com\/index.php?rest_route=\/wp\/v2\/product\/1625","targetHints":{"allow":["GET"]}}],"collection":[{"href":"https:\/\/www.hypertera.com\/index.php?rest_route=\/wp\/v2\/product"}],"about":[{"href":"https:\/\/www.hypertera.com\/index.php?rest_route=\/wp\/v2\/types\/product"}],"replies":[{"embeddable":true,"href":"https:\/\/www.hypertera.com\/index.php?rest_route=%2Fwp%2Fv2%2Fcomments&post=1625"}],"wp:featuredmedia":[{"embeddable":true,"href":"https:\/\/www.hypertera.com\/index.php?rest_route=\/wp\/v2\/media\/1626"}],"wp:attachment":[{"href":"https:\/\/www.hypertera.com\/index.php?rest_route=%2Fwp%2Fv2%2Fmedia&parent=1625"}],"wp:term":[{"taxonomy":"product_brand","embeddable":true,"href":"https:\/\/www.hypertera.com\/index.php?rest_route=%2Fwp%2Fv2%2Fproduct_brand&post=1625"},{"taxonomy":"product_cat","embeddable":true,"href":"https:\/\/www.hypertera.com\/index.php?rest_route=%2Fwp%2Fv2%2Fproduct_cat&post=1625"},{"taxonomy":"product_tag","embeddable":true,"href":"https:\/\/www.hypertera.com\/index.php?rest_route=%2Fwp%2Fv2%2Fproduct_tag&post=1625"}],"curies":[{"name":"wp","href":"https:\/\/api.w.org\/{rel}","templated":true}]}}