{"id":1619,"date":"2022-07-21T14:52:06","date_gmt":"2022-07-21T14:52:06","guid":{"rendered":"https:\/\/www.hypertera.com\/?product=liukastumisenestoteippi-antislip-50mmx457m"},"modified":"2022-07-21T14:52:15","modified_gmt":"2022-07-21T14:52:15","slug":"liukastumisenestoteippi-antislip-50mmx457m","status":"publish","type":"product","link":"https:\/\/www.hypertera.com\/?product=liukastumisenestoteippi-antislip-50mmx457m","title":{"rendered":"Liukastumisenestoteippi, Antislip, 50mmx4,57m"},"content":{"rendered":"<p>Liukastumisen est\u00e4miseen PET-kalvoinen teippi. Nauhassa on huokoinen, rakeinen koostumus &#8211; soveltuu muun muassa toimistoihin, hotelleihin, supermarketteihin. Kest\u00e4\u00e4 vett\u00e4 ja UV-s\u00e4teit\u00e4. Helppok\u00e4ytt\u00f6inen turvallisuuden parantaja kaikille liukkaille pinnoille. Kiinnit\u00e4 sile\u00e4lle, puhtaalle pinnalle. 50 mm x 4,57 m.<\/p>\n","protected":false},"excerpt":{"rendered":"<p>Antislip Turvatuote<\/p>\n","protected":false},"featured_media":1620,"comment_status":"closed","ping_status":"closed","template":"","meta":[],"product_brand":[],"product_cat":[15],"product_tag":[],"class_list":{"0":"post-1619","1":"product","2":"type-product","3":"status-publish","4":"has-post-thumbnail","6":"product_cat-uncategorized","8":"first","9":"instock","10":"purchasable","11":"product-type-simple"},"jetpack_sharing_enabled":true,"_links":{"self":[{"href":"https:\/\/www.hypertera.com\/index.php?rest_route=\/wp\/v2\/product\/1619","targetHints":{"allow":["GET"]}}],"collection":[{"href":"https:\/\/www.hypertera.com\/index.php?rest_route=\/wp\/v2\/product"}],"about":[{"href":"https:\/\/www.hypertera.com\/index.php?rest_route=\/wp\/v2\/types\/product"}],"replies":[{"embeddable":true,"href":"https:\/\/www.hypertera.com\/index.php?rest_route=%2Fwp%2Fv2%2Fcomments&post=1619"}],"wp:featuredmedia":[{"embeddable":true,"href":"https:\/\/www.hypertera.com\/index.php?rest_route=\/wp\/v2\/media\/1620"}],"wp:attachment":[{"href":"https:\/\/www.hypertera.com\/index.php?rest_route=%2Fwp%2Fv2%2Fmedia&parent=1619"}],"wp:term":[{"taxonomy":"product_brand","embeddable":true,"href":"https:\/\/www.hypertera.com\/index.php?rest_route=%2Fwp%2Fv2%2Fproduct_brand&post=1619"},{"taxonomy":"product_cat","embeddable":true,"href":"https:\/\/www.hypertera.com\/index.php?rest_route=%2Fwp%2Fv2%2Fproduct_cat&post=1619"},{"taxonomy":"product_tag","embeddable":true,"href":"https:\/\/www.hypertera.com\/index.php?rest_route=%2Fwp%2Fv2%2Fproduct_tag&post=1619"}],"curies":[{"name":"wp","href":"https:\/\/api.w.org\/{rel}","templated":true}]}}