{"id":1615,"date":"2022-07-21T14:52:06","date_gmt":"2022-07-21T14:52:06","guid":{"rendered":"https:\/\/www.hypertera.com\/?product=linssinpuhdistussarja-vortex-huurunesto-pesuneste-liina"},"modified":"2022-07-21T14:52:08","modified_gmt":"2022-07-21T14:52:08","slug":"linssinpuhdistussarja-vortex-huurunesto-pesuneste-liina","status":"publish","type":"product","link":"https:\/\/www.hypertera.com\/?product=linssinpuhdistussarja-vortex-huurunesto-pesuneste-liina","title":{"rendered":"Linssinpuhdistussarja, Vortex huurunesto, pesuneste + liina"},"content":{"rendered":"<p>Erityisesti kiikareille ja kaukoputkille, mutta my\u00f6s muulle optiikalle, suunniteltu puhdistussetti, joka v\u00e4hent\u00e4\u00e4 huurunmuodostumista linsseille. Mukana tulee suojalaatikko, linssinpuhdistusaine, optisille pinnoille suunniteltu puhdistusharja, puhdistusliina ja mikrokuituliina.  1. Puhdista ensin linssiharjalla kaikki lika pinnasta  2. Levit\u00e4 puhdistusaine  3. Poista sormenj\u00e4ljet ja muu lika mikrokuituliinalla  4. Toista k\u00e4sittely aina linssin likaantuessa tai huurunestotehon v\u00e4hentyess\u00e4<\/p>\n","protected":false},"excerpt":{"rendered":"<p>Vortex Huurunesto pesuneste + liina Linssinpuhdistussarja<\/p>\n","protected":false},"featured_media":1616,"comment_status":"closed","ping_status":"closed","template":"","meta":[],"product_brand":[],"product_cat":[290,17,16],"product_tag":[507],"class_list":{"0":"post-1615","1":"product","2":"type-product","3":"status-publish","4":"has-post-thumbnail","6":"product_cat-kiikarit","7":"product_cat-laitteet-tekniikka","8":"product_cat-tuotteet","9":"product_tag-linssinpuhdistussarjat","11":"first","12":"instock","13":"purchasable","14":"product-type-simple"},"jetpack_sharing_enabled":true,"_links":{"self":[{"href":"https:\/\/www.hypertera.com\/index.php?rest_route=\/wp\/v2\/product\/1615","targetHints":{"allow":["GET"]}}],"collection":[{"href":"https:\/\/www.hypertera.com\/index.php?rest_route=\/wp\/v2\/product"}],"about":[{"href":"https:\/\/www.hypertera.com\/index.php?rest_route=\/wp\/v2\/types\/product"}],"replies":[{"embeddable":true,"href":"https:\/\/www.hypertera.com\/index.php?rest_route=%2Fwp%2Fv2%2Fcomments&post=1615"}],"wp:featuredmedia":[{"embeddable":true,"href":"https:\/\/www.hypertera.com\/index.php?rest_route=\/wp\/v2\/media\/1616"}],"wp:attachment":[{"href":"https:\/\/www.hypertera.com\/index.php?rest_route=%2Fwp%2Fv2%2Fmedia&parent=1615"}],"wp:term":[{"taxonomy":"product_brand","embeddable":true,"href":"https:\/\/www.hypertera.com\/index.php?rest_route=%2Fwp%2Fv2%2Fproduct_brand&post=1615"},{"taxonomy":"product_cat","embeddable":true,"href":"https:\/\/www.hypertera.com\/index.php?rest_route=%2Fwp%2Fv2%2Fproduct_cat&post=1615"},{"taxonomy":"product_tag","embeddable":true,"href":"https:\/\/www.hypertera.com\/index.php?rest_route=%2Fwp%2Fv2%2Fproduct_tag&post=1615"}],"curies":[{"name":"wp","href":"https:\/\/api.w.org\/{rel}","templated":true}]}}