{"id":1611,"date":"2022-07-21T14:51:49","date_gmt":"2022-07-21T14:51:49","guid":{"rendered":"https:\/\/www.hypertera.com\/?product=liitinrasia-idealplus-9051-kirkas"},"modified":"2022-07-21T14:52:01","modified_gmt":"2022-07-21T14:52:01","slug":"liitinrasia-idealplus-9051-kirkas","status":"publish","type":"product","link":"https:\/\/www.hypertera.com\/?product=liitinrasia-idealplus-9051-kirkas","title":{"rendered":"Liitinrasia, Idealplus 9051, kirkas"},"content":{"rendered":"<p>Liitinrasia sis\u00e4lt\u00e4\u00e4 50 liitint\u00e4. Halkaisija 72 mm, korkeus 75 mm.<\/p>\n","protected":false},"excerpt":{"rendered":"<p>Liitinrasia sis\u00e4lt\u00e4\u00e4 50 liitint\u00e4. Halkaisija 72 mm, korkeus 75 mm.<\/p>\n","protected":false},"featured_media":1612,"comment_status":"closed","ping_status":"closed","template":"","meta":[],"product_brand":[],"product_cat":[504,76,30,16],"product_tag":[506],"class_list":{"0":"post-1611","1":"product","2":"type-product","3":"status-publish","4":"has-post-thumbnail","6":"product_cat-liittimet-ja-liitinrasiat","7":"product_cat-toimiston-pientarvikkeet-toimistotarvikkeet","8":"product_cat-toimistotarvikkeet","9":"product_cat-tuotteet","10":"product_tag-liitinrasiat","12":"first","13":"instock","14":"purchasable","15":"product-type-simple"},"jetpack_sharing_enabled":true,"_links":{"self":[{"href":"https:\/\/www.hypertera.com\/index.php?rest_route=\/wp\/v2\/product\/1611","targetHints":{"allow":["GET"]}}],"collection":[{"href":"https:\/\/www.hypertera.com\/index.php?rest_route=\/wp\/v2\/product"}],"about":[{"href":"https:\/\/www.hypertera.com\/index.php?rest_route=\/wp\/v2\/types\/product"}],"replies":[{"embeddable":true,"href":"https:\/\/www.hypertera.com\/index.php?rest_route=%2Fwp%2Fv2%2Fcomments&post=1611"}],"wp:featuredmedia":[{"embeddable":true,"href":"https:\/\/www.hypertera.com\/index.php?rest_route=\/wp\/v2\/media\/1612"}],"wp:attachment":[{"href":"https:\/\/www.hypertera.com\/index.php?rest_route=%2Fwp%2Fv2%2Fmedia&parent=1611"}],"wp:term":[{"taxonomy":"product_brand","embeddable":true,"href":"https:\/\/www.hypertera.com\/index.php?rest_route=%2Fwp%2Fv2%2Fproduct_brand&post=1611"},{"taxonomy":"product_cat","embeddable":true,"href":"https:\/\/www.hypertera.com\/index.php?rest_route=%2Fwp%2Fv2%2Fproduct_cat&post=1611"},{"taxonomy":"product_tag","embeddable":true,"href":"https:\/\/www.hypertera.com\/index.php?rest_route=%2Fwp%2Fv2%2Fproduct_tag&post=1611"}],"curies":[{"name":"wp","href":"https:\/\/api.w.org\/{rel}","templated":true}]}}