{"id":1595,"date":"2022-07-21T14:51:27","date_gmt":"2022-07-21T14:51:27","guid":{"rendered":"https:\/\/www.hypertera.com\/?product=liimapuikko-d-rect-liimapuikko-40g"},"modified":"2022-07-21T14:51:32","modified_gmt":"2022-07-21T14:51:32","slug":"liimapuikko-d-rect-liimapuikko-40g","status":"publish","type":"product","link":"https:\/\/www.hypertera.com\/?product=liimapuikko-d-rect-liimapuikko-40g","title":{"rendered":"Liimapuikko, D.rect, Liimapuikko 40g"},"content":{"rendered":"<p>Liimapuikko jonka liima ei tahraa, on v\u00e4rit\u00f6n, hajuton ja myrkyt\u00f6n. Liimaa paperin, pahvin, valokuvat ja tekstiilit. Riittoisa 40 g pakkaus.<\/p>\n","protected":false},"excerpt":{"rendered":"<p>D.rect Liimapuikko<\/p>\n","protected":false},"featured_media":1596,"comment_status":"closed","ping_status":"closed","template":"","meta":[],"product_brand":[],"product_cat":[64,65,63,496,67,66,16],"product_tag":[497],"class_list":{"0":"post-1595","1":"product","2":"type-product","3":"status-publish","4":"has-post-thumbnail","6":"product_cat-askartelu","7":"product_cat-askarteluvalineettuotteet","8":"product_cat-kotiin-ja-lahjaksi","9":"product_cat-liimapuikot","10":"product_cat-teipit-liimat-ja-korjaustarvikkeet","11":"product_cat-toimistotarvikkeet-askarteluvalineettuotteet","12":"product_cat-tuotteet","13":"product_tag-liimapuikot","15":"first","16":"instock","17":"purchasable","18":"product-type-simple"},"jetpack_sharing_enabled":true,"_links":{"self":[{"href":"https:\/\/www.hypertera.com\/index.php?rest_route=\/wp\/v2\/product\/1595","targetHints":{"allow":["GET"]}}],"collection":[{"href":"https:\/\/www.hypertera.com\/index.php?rest_route=\/wp\/v2\/product"}],"about":[{"href":"https:\/\/www.hypertera.com\/index.php?rest_route=\/wp\/v2\/types\/product"}],"replies":[{"embeddable":true,"href":"https:\/\/www.hypertera.com\/index.php?rest_route=%2Fwp%2Fv2%2Fcomments&post=1595"}],"wp:featuredmedia":[{"embeddable":true,"href":"https:\/\/www.hypertera.com\/index.php?rest_route=\/wp\/v2\/media\/1596"}],"wp:attachment":[{"href":"https:\/\/www.hypertera.com\/index.php?rest_route=%2Fwp%2Fv2%2Fmedia&parent=1595"}],"wp:term":[{"taxonomy":"product_brand","embeddable":true,"href":"https:\/\/www.hypertera.com\/index.php?rest_route=%2Fwp%2Fv2%2Fproduct_brand&post=1595"},{"taxonomy":"product_cat","embeddable":true,"href":"https:\/\/www.hypertera.com\/index.php?rest_route=%2Fwp%2Fv2%2Fproduct_cat&post=1595"},{"taxonomy":"product_tag","embeddable":true,"href":"https:\/\/www.hypertera.com\/index.php?rest_route=%2Fwp%2Fv2%2Fproduct_tag&post=1595"}],"curies":[{"name":"wp","href":"https:\/\/api.w.org\/{rel}","templated":true}]}}