{"id":159,"date":"2022-07-21T13:41:06","date_gmt":"2022-07-21T13:41:06","guid":{"rendered":"https:\/\/www.hypertera.com\/?product=diffuusiosuodin-linkstar-octabox-8-kulmio-o140-cm"},"modified":"2022-07-21T13:41:58","modified_gmt":"2022-07-21T13:41:58","slug":"diffuusiosuodin-linkstar-octabox-8-kulmio-o140-cm","status":"publish","type":"product","link":"https:\/\/www.hypertera.com\/?product=diffuusiosuodin-linkstar-octabox-8-kulmio-o140-cm","title":{"rendered":"Diffuusiosuodin, Linkstar Octabox, 8-kulmio, \u00f8140 cm"},"content":{"rendered":"<p>Isokokoinen diffuusiosuodin, halkaisija 140cm, Linkstarin LL-D, LL, LF ja FS-studiosalamalaitteisiin. Suodin levitt\u00e4\u00e4 salamavalon, jolloin saat tasaisemman valaistuksen ilman jyrkki\u00e4 varjoja. Suodin on helppo koota, ja kiinnitet\u00e4\u00e4n Linkstarin S-bajonetilla. Sis\u00e4pinnat ovat hopeanv\u00e4risi\u00e4 kiilt\u00e4vi\u00e4. Mukana tulee kuljetuskuori.<\/p>\n","protected":false},"excerpt":{"rendered":"<p>Linkstar Octabox 140cm Diffuusiosuodin<\/p>\n","protected":false},"featured_media":160,"comment_status":"closed","ping_status":"closed","template":"","meta":[],"product_brand":[],"product_cat":[15],"product_tag":[100],"class_list":{"0":"post-159","1":"product","2":"type-product","3":"status-publish","4":"has-post-thumbnail","6":"product_cat-uncategorized","7":"product_tag-salamasuotimet","9":"first","10":"instock","11":"purchasable","12":"product-type-simple"},"jetpack_sharing_enabled":true,"_links":{"self":[{"href":"https:\/\/www.hypertera.com\/index.php?rest_route=\/wp\/v2\/product\/159","targetHints":{"allow":["GET"]}}],"collection":[{"href":"https:\/\/www.hypertera.com\/index.php?rest_route=\/wp\/v2\/product"}],"about":[{"href":"https:\/\/www.hypertera.com\/index.php?rest_route=\/wp\/v2\/types\/product"}],"replies":[{"embeddable":true,"href":"https:\/\/www.hypertera.com\/index.php?rest_route=%2Fwp%2Fv2%2Fcomments&post=159"}],"wp:featuredmedia":[{"embeddable":true,"href":"https:\/\/www.hypertera.com\/index.php?rest_route=\/wp\/v2\/media\/160"}],"wp:attachment":[{"href":"https:\/\/www.hypertera.com\/index.php?rest_route=%2Fwp%2Fv2%2Fmedia&parent=159"}],"wp:term":[{"taxonomy":"product_brand","embeddable":true,"href":"https:\/\/www.hypertera.com\/index.php?rest_route=%2Fwp%2Fv2%2Fproduct_brand&post=159"},{"taxonomy":"product_cat","embeddable":true,"href":"https:\/\/www.hypertera.com\/index.php?rest_route=%2Fwp%2Fv2%2Fproduct_cat&post=159"},{"taxonomy":"product_tag","embeddable":true,"href":"https:\/\/www.hypertera.com\/index.php?rest_route=%2Fwp%2Fv2%2Fproduct_tag&post=159"}],"curies":[{"name":"wp","href":"https:\/\/api.w.org\/{rel}","templated":true}]}}