{"id":1589,"date":"2022-07-21T14:51:01","date_gmt":"2022-07-21T14:51:01","guid":{"rendered":"https:\/\/www.hypertera.com\/?product=liimakyna-nestemainen-50cl"},"modified":"2022-07-21T14:51:16","modified_gmt":"2022-07-21T14:51:16","slug":"liimakyna-nestemainen-50cl","status":"publish","type":"product","link":"https:\/\/www.hypertera.com\/?product=liimakyna-nestemainen-50cl","title":{"rendered":"Liimakyn\u00e4, nestem\u00e4inen, 50cl"},"content":{"rendered":"<p>Nestem\u00e4inen paperiliima. Sopii paperille, sellofaanille, kankaalle. Soveltuu hyvin toimistoon, kotiin tai kouluun. 50cc. Tuote on myrkyt\u00f6n, eik\u00e4 se ole syttymisherkk\u00e4.<\/p>\n","protected":false},"excerpt":{"rendered":"<p>nestem\u00e4inen 50cl Liimakyn\u00e4<\/p>\n","protected":false},"featured_media":1590,"comment_status":"closed","ping_status":"closed","template":"","meta":[],"product_brand":[],"product_cat":[15],"product_tag":[495],"class_list":{"0":"post-1589","1":"product","2":"type-product","3":"status-publish","4":"has-post-thumbnail","6":"product_cat-uncategorized","7":"product_tag-liimakynat","9":"first","10":"instock","11":"purchasable","12":"product-type-simple"},"jetpack_sharing_enabled":true,"_links":{"self":[{"href":"https:\/\/www.hypertera.com\/index.php?rest_route=\/wp\/v2\/product\/1589","targetHints":{"allow":["GET"]}}],"collection":[{"href":"https:\/\/www.hypertera.com\/index.php?rest_route=\/wp\/v2\/product"}],"about":[{"href":"https:\/\/www.hypertera.com\/index.php?rest_route=\/wp\/v2\/types\/product"}],"replies":[{"embeddable":true,"href":"https:\/\/www.hypertera.com\/index.php?rest_route=%2Fwp%2Fv2%2Fcomments&post=1589"}],"wp:featuredmedia":[{"embeddable":true,"href":"https:\/\/www.hypertera.com\/index.php?rest_route=\/wp\/v2\/media\/1590"}],"wp:attachment":[{"href":"https:\/\/www.hypertera.com\/index.php?rest_route=%2Fwp%2Fv2%2Fmedia&parent=1589"}],"wp:term":[{"taxonomy":"product_brand","embeddable":true,"href":"https:\/\/www.hypertera.com\/index.php?rest_route=%2Fwp%2Fv2%2Fproduct_brand&post=1589"},{"taxonomy":"product_cat","embeddable":true,"href":"https:\/\/www.hypertera.com\/index.php?rest_route=%2Fwp%2Fv2%2Fproduct_cat&post=1589"},{"taxonomy":"product_tag","embeddable":true,"href":"https:\/\/www.hypertera.com\/index.php?rest_route=%2Fwp%2Fv2%2Fproduct_tag&post=1589"}],"curies":[{"name":"wp","href":"https:\/\/api.w.org\/{rel}","templated":true}]}}