{"id":1581,"date":"2022-07-21T14:50:29","date_gmt":"2022-07-21T14:50:29","guid":{"rendered":"https:\/\/www.hypertera.com\/?product=leimasin-trodat-5030"},"modified":"2022-07-21T14:50:55","modified_gmt":"2022-07-21T14:50:55","slug":"leimasin-trodat-5030","status":"publish","type":"product","link":"https:\/\/www.hypertera.com\/?product=leimasin-trodat-5030","title":{"rendered":"Leimasin, Trodat 5030"},"content":{"rendered":"<p>P\u00e4iv\u00e4ysleimasin. Itsev\u00e4rj\u00e4ytyv\u00e4 ja jalustamallinen. Numerokorkeus 4 mm. Leimaj\u00e4lki musta. Saatavana vaihtov\u00e4rityyny tno 252012.<\/p>\n","protected":false},"excerpt":{"rendered":"<p>P\u00e4iv\u00e4ysleimasin. Itsev\u00e4rj\u00e4ytyv\u00e4 ja jalustamallinen. Numerokorkeus 4 mm. Leimaj\u00e4lki musta. Saatavana vaihtov\u00e4rityyny tno 252012.<\/p>\n","protected":false},"featured_media":1582,"comment_status":"closed","ping_status":"closed","template":"","meta":[],"product_brand":[],"product_cat":[77,76,30,16],"product_tag":[78],"class_list":{"0":"post-1581","1":"product","2":"type-product","3":"status-publish","4":"has-post-thumbnail","6":"product_cat-leimasimet","7":"product_cat-toimiston-pientarvikkeet-toimistotarvikkeet","8":"product_cat-toimistotarvikkeet","9":"product_cat-tuotteet","10":"product_tag-leimasimet","12":"first","13":"outofstock","14":"purchasable","15":"product-type-simple"},"jetpack_sharing_enabled":true,"_links":{"self":[{"href":"https:\/\/www.hypertera.com\/index.php?rest_route=\/wp\/v2\/product\/1581","targetHints":{"allow":["GET"]}}],"collection":[{"href":"https:\/\/www.hypertera.com\/index.php?rest_route=\/wp\/v2\/product"}],"about":[{"href":"https:\/\/www.hypertera.com\/index.php?rest_route=\/wp\/v2\/types\/product"}],"replies":[{"embeddable":true,"href":"https:\/\/www.hypertera.com\/index.php?rest_route=%2Fwp%2Fv2%2Fcomments&post=1581"}],"wp:featuredmedia":[{"embeddable":true,"href":"https:\/\/www.hypertera.com\/index.php?rest_route=\/wp\/v2\/media\/1582"}],"wp:attachment":[{"href":"https:\/\/www.hypertera.com\/index.php?rest_route=%2Fwp%2Fv2%2Fmedia&parent=1581"}],"wp:term":[{"taxonomy":"product_brand","embeddable":true,"href":"https:\/\/www.hypertera.com\/index.php?rest_route=%2Fwp%2Fv2%2Fproduct_brand&post=1581"},{"taxonomy":"product_cat","embeddable":true,"href":"https:\/\/www.hypertera.com\/index.php?rest_route=%2Fwp%2Fv2%2Fproduct_cat&post=1581"},{"taxonomy":"product_tag","embeddable":true,"href":"https:\/\/www.hypertera.com\/index.php?rest_route=%2Fwp%2Fv2%2Fproduct_tag&post=1581"}],"curies":[{"name":"wp","href":"https:\/\/api.w.org\/{rel}","templated":true}]}}