{"id":1569,"date":"2022-07-21T14:49:59","date_gmt":"2022-07-21T14:49:59","guid":{"rendered":"https:\/\/www.hypertera.com\/?product=lehtiotaulu-mobile-economy-10070cm"},"modified":"2022-07-21T14:50:08","modified_gmt":"2022-07-21T14:50:08","slug":"lehtiotaulu-mobile-economy-10070cm","status":"publish","type":"product","link":"https:\/\/www.hypertera.com\/?product=lehtiotaulu-mobile-economy-10070cm","title":{"rendered":"Lehti\u00f6taulu, Mobile Economy 100*70cm"},"content":{"rendered":"<p>Py\u00f6r\u00e4llinen lehti\u00f6taulu, jossa magneettipintainen valkotaulu. Mustat alumiinikehykset. 5 lukittavaa rengasta. Korkeus s\u00e4\u00e4dett\u00e4viss\u00e4 185 cm korkeuteen asti.  Sis\u00e4lt\u00e4\u00e4 kyn\u00e4kourun, 2 magneettia ja pyyhkimen.<\/p>\n","protected":false},"excerpt":{"rendered":"<p>Mobile Economy Lehti\u00f6taulu<\/p>\n","protected":false},"featured_media":1570,"comment_status":"closed","ping_status":"closed","template":"","meta":[],"product_brand":[],"product_cat":[50,487,16],"product_tag":[488],"class_list":{"0":"post-1569","1":"product","2":"type-product","3":"status-publish","4":"has-post-thumbnail","6":"product_cat-kalusteet","7":"product_cat-lehtiotaulut","8":"product_cat-tuotteet","9":"product_tag-lehtiotaulut","11":"first","12":"instock","13":"purchasable","14":"product-type-simple"},"jetpack_sharing_enabled":true,"_links":{"self":[{"href":"https:\/\/www.hypertera.com\/index.php?rest_route=\/wp\/v2\/product\/1569","targetHints":{"allow":["GET"]}}],"collection":[{"href":"https:\/\/www.hypertera.com\/index.php?rest_route=\/wp\/v2\/product"}],"about":[{"href":"https:\/\/www.hypertera.com\/index.php?rest_route=\/wp\/v2\/types\/product"}],"replies":[{"embeddable":true,"href":"https:\/\/www.hypertera.com\/index.php?rest_route=%2Fwp%2Fv2%2Fcomments&post=1569"}],"wp:featuredmedia":[{"embeddable":true,"href":"https:\/\/www.hypertera.com\/index.php?rest_route=\/wp\/v2\/media\/1570"}],"wp:attachment":[{"href":"https:\/\/www.hypertera.com\/index.php?rest_route=%2Fwp%2Fv2%2Fmedia&parent=1569"}],"wp:term":[{"taxonomy":"product_brand","embeddable":true,"href":"https:\/\/www.hypertera.com\/index.php?rest_route=%2Fwp%2Fv2%2Fproduct_brand&post=1569"},{"taxonomy":"product_cat","embeddable":true,"href":"https:\/\/www.hypertera.com\/index.php?rest_route=%2Fwp%2Fv2%2Fproduct_cat&post=1569"},{"taxonomy":"product_tag","embeddable":true,"href":"https:\/\/www.hypertera.com\/index.php?rest_route=%2Fwp%2Fv2%2Fproduct_tag&post=1569"}],"curies":[{"name":"wp","href":"https:\/\/api.w.org\/{rel}","templated":true}]}}