{"id":1557,"date":"2022-07-21T14:49:44","date_gmt":"2022-07-21T14:49:44","guid":{"rendered":"https:\/\/www.hypertera.com\/?product=lehtikotelo-a4-muovi-sininen"},"modified":"2022-07-21T14:49:46","modified_gmt":"2022-07-21T14:49:46","slug":"lehtikotelo-a4-muovi-sininen","status":"publish","type":"product","link":"https:\/\/www.hypertera.com\/?product=lehtikotelo-a4-muovi-sininen","title":{"rendered":"Lehtikotelo, A4, muovi, sininen"},"content":{"rendered":"<p>A4-kokoinen, standardi lehitkotelo. Sein\u00e4t verkkomuovia. Sormiteik\u00e4 selk\u00e4myksess\u00e4 helppoa kaapista vet\u00e4mist\u00e4 varten. Iso alue otsaketarraa varten. Tehty kevyest\u00e4 ja korkealaatuisesta muovista.<\/p>\n","protected":false},"excerpt":{"rendered":"<p>Sininen A4 muovi Lehtikotelo<\/p>\n","protected":false},"featured_media":1558,"comment_status":"closed","ping_status":"closed","template":"","meta":[],"product_brand":[],"product_cat":[485,30,16,293],"product_tag":[486],"class_list":{"0":"post-1557","1":"product","2":"type-product","3":"status-publish","4":"has-post-thumbnail","6":"product_cat-lehtikotelot","7":"product_cat-toimistotarvikkeet","8":"product_cat-tuotteet","9":"product_cat-tyopistetarvikkeet","10":"product_tag-lehtikotelot","12":"first","13":"instock","14":"purchasable","15":"product-type-simple"},"jetpack_sharing_enabled":true,"_links":{"self":[{"href":"https:\/\/www.hypertera.com\/index.php?rest_route=\/wp\/v2\/product\/1557","targetHints":{"allow":["GET"]}}],"collection":[{"href":"https:\/\/www.hypertera.com\/index.php?rest_route=\/wp\/v2\/product"}],"about":[{"href":"https:\/\/www.hypertera.com\/index.php?rest_route=\/wp\/v2\/types\/product"}],"replies":[{"embeddable":true,"href":"https:\/\/www.hypertera.com\/index.php?rest_route=%2Fwp%2Fv2%2Fcomments&post=1557"}],"wp:featuredmedia":[{"embeddable":true,"href":"https:\/\/www.hypertera.com\/index.php?rest_route=\/wp\/v2\/media\/1558"}],"wp:attachment":[{"href":"https:\/\/www.hypertera.com\/index.php?rest_route=%2Fwp%2Fv2%2Fmedia&parent=1557"}],"wp:term":[{"taxonomy":"product_brand","embeddable":true,"href":"https:\/\/www.hypertera.com\/index.php?rest_route=%2Fwp%2Fv2%2Fproduct_brand&post=1557"},{"taxonomy":"product_cat","embeddable":true,"href":"https:\/\/www.hypertera.com\/index.php?rest_route=%2Fwp%2Fv2%2Fproduct_cat&post=1557"},{"taxonomy":"product_tag","embeddable":true,"href":"https:\/\/www.hypertera.com\/index.php?rest_route=%2Fwp%2Fv2%2Fproduct_tag&post=1557"}],"curies":[{"name":"wp","href":"https:\/\/api.w.org\/{rel}","templated":true}]}}