{"id":1551,"date":"2022-07-21T14:49:06","date_gmt":"2022-07-21T14:49:06","guid":{"rendered":"https:\/\/www.hypertera.com\/?product=lehtikotelo-a4-metalliverkko-harmaa"},"modified":"2022-07-21T14:49:27","modified_gmt":"2022-07-21T14:49:27","slug":"lehtikotelo-a4-metalliverkko-harmaa","status":"publish","type":"product","link":"https:\/\/www.hypertera.com\/?product=lehtikotelo-a4-metalliverkko-harmaa","title":{"rendered":"Lehtikotelo, A4, metalliverkko, harmaa"},"content":{"rendered":"<p>Lehtikotelo metalliverkosta. Helppo koota. Eritt\u00e4in kest\u00e4v\u00e4. A4-koko.<\/p>\n","protected":false},"excerpt":{"rendered":"<p>Harmaa metalliverkko lehtikotelo<\/p>\n","protected":false},"featured_media":1552,"comment_status":"closed","ping_status":"closed","template":"","meta":[],"product_brand":[],"product_cat":[485,30,16,293],"product_tag":[486],"class_list":{"0":"post-1551","1":"product","2":"type-product","3":"status-publish","4":"has-post-thumbnail","6":"product_cat-lehtikotelot","7":"product_cat-toimistotarvikkeet","8":"product_cat-tuotteet","9":"product_cat-tyopistetarvikkeet","10":"product_tag-lehtikotelot","12":"first","13":"instock","14":"purchasable","15":"product-type-simple"},"jetpack_sharing_enabled":true,"_links":{"self":[{"href":"https:\/\/www.hypertera.com\/index.php?rest_route=\/wp\/v2\/product\/1551","targetHints":{"allow":["GET"]}}],"collection":[{"href":"https:\/\/www.hypertera.com\/index.php?rest_route=\/wp\/v2\/product"}],"about":[{"href":"https:\/\/www.hypertera.com\/index.php?rest_route=\/wp\/v2\/types\/product"}],"replies":[{"embeddable":true,"href":"https:\/\/www.hypertera.com\/index.php?rest_route=%2Fwp%2Fv2%2Fcomments&post=1551"}],"wp:featuredmedia":[{"embeddable":true,"href":"https:\/\/www.hypertera.com\/index.php?rest_route=\/wp\/v2\/media\/1552"}],"wp:attachment":[{"href":"https:\/\/www.hypertera.com\/index.php?rest_route=%2Fwp%2Fv2%2Fmedia&parent=1551"}],"wp:term":[{"taxonomy":"product_brand","embeddable":true,"href":"https:\/\/www.hypertera.com\/index.php?rest_route=%2Fwp%2Fv2%2Fproduct_brand&post=1551"},{"taxonomy":"product_cat","embeddable":true,"href":"https:\/\/www.hypertera.com\/index.php?rest_route=%2Fwp%2Fv2%2Fproduct_cat&post=1551"},{"taxonomy":"product_tag","embeddable":true,"href":"https:\/\/www.hypertera.com\/index.php?rest_route=%2Fwp%2Fv2%2Fproduct_tag&post=1551"}],"curies":[{"name":"wp","href":"https:\/\/api.w.org\/{rel}","templated":true}]}}