{"id":155,"date":"2022-07-21T13:41:06","date_gmt":"2022-07-21T13:41:06","guid":{"rendered":"https:\/\/www.hypertera.com\/?product=diffuusiopallo-linkstar-30-cm"},"modified":"2022-07-21T13:41:54","modified_gmt":"2022-07-21T13:41:54","slug":"diffuusiopallo-linkstar-30-cm","status":"publish","type":"product","link":"https:\/\/www.hypertera.com\/?product=diffuusiopallo-linkstar-30-cm","title":{"rendered":"Diffuusiopallo, Linkstar, 30 cm"},"content":{"rendered":"<p>Diffuusiopallo (halkaisija 30 cm) Linksatin LL-D, LL, LF ja FS -studiosalamoihin. Diffuusiopallon py\u00f6re\u00e4 muoto levitt\u00e4\u00e4 salamavalon eritt\u00e4in tasaisesti, joten saat helposti tasaisen valaistuksen. Soveltuu niin sis\u00e4tilojen kuvaukseen laajakulmalla, kuin my\u00f6s henkil\u00f6kuvaukseen (esimerkiksi passikuvien ottamiseen). Kiinnitysmekanismi on Linkstarin S-bajonetti.<\/p>\n","protected":false},"excerpt":{"rendered":"<p>Linkstar Diffuusiopallo 30 cm<\/p>\n","protected":false},"featured_media":156,"comment_status":"closed","ping_status":"closed","template":"","meta":[],"product_brand":[],"product_cat":[15],"product_tag":[100],"class_list":{"0":"post-155","1":"product","2":"type-product","3":"status-publish","4":"has-post-thumbnail","6":"product_cat-uncategorized","7":"product_tag-salamasuotimet","9":"first","10":"instock","11":"purchasable","12":"product-type-simple"},"jetpack_sharing_enabled":true,"_links":{"self":[{"href":"https:\/\/www.hypertera.com\/index.php?rest_route=\/wp\/v2\/product\/155","targetHints":{"allow":["GET"]}}],"collection":[{"href":"https:\/\/www.hypertera.com\/index.php?rest_route=\/wp\/v2\/product"}],"about":[{"href":"https:\/\/www.hypertera.com\/index.php?rest_route=\/wp\/v2\/types\/product"}],"replies":[{"embeddable":true,"href":"https:\/\/www.hypertera.com\/index.php?rest_route=%2Fwp%2Fv2%2Fcomments&post=155"}],"wp:featuredmedia":[{"embeddable":true,"href":"https:\/\/www.hypertera.com\/index.php?rest_route=\/wp\/v2\/media\/156"}],"wp:attachment":[{"href":"https:\/\/www.hypertera.com\/index.php?rest_route=%2Fwp%2Fv2%2Fmedia&parent=155"}],"wp:term":[{"taxonomy":"product_brand","embeddable":true,"href":"https:\/\/www.hypertera.com\/index.php?rest_route=%2Fwp%2Fv2%2Fproduct_brand&post=155"},{"taxonomy":"product_cat","embeddable":true,"href":"https:\/\/www.hypertera.com\/index.php?rest_route=%2Fwp%2Fv2%2Fproduct_cat&post=155"},{"taxonomy":"product_tag","embeddable":true,"href":"https:\/\/www.hypertera.com\/index.php?rest_route=%2Fwp%2Fv2%2Fproduct_tag&post=155"}],"curies":[{"name":"wp","href":"https:\/\/api.w.org\/{rel}","templated":true}]}}