{"id":1547,"date":"2022-07-21T14:49:06","date_gmt":"2022-07-21T14:49:06","guid":{"rendered":"https:\/\/www.hypertera.com\/?product=led-lyhty-36-ledia-akku-paristo-aurinkopaneeli-kahvadynamo-kannykanlataus"},"modified":"2022-07-21T14:49:15","modified_gmt":"2022-07-21T14:49:15","slug":"led-lyhty-36-ledia-akku-paristo-aurinkopaneeli-kahvadynamo-kannykanlataus","status":"publish","type":"product","link":"https:\/\/www.hypertera.com\/?product=led-lyhty-36-ledia-akku-paristo-aurinkopaneeli-kahvadynamo-kannykanlataus","title":{"rendered":"LED-lyhty, 36 ledi\u00e4, akku, paristo, aurinkopaneeli, kahvadynamo, k\u00e4nnyk\u00e4nlataus"},"content":{"rendered":"<p>Eritt\u00e4in monipuolinen, jopa 36 LED-lampun lyhty \/ telttavalo. Voit k\u00e4ytt\u00e4\u00e4 4 kpl AA-paristoja (ei mukana) tai voit ladata sis\u00e4isen akun verkkovirralla. Lis\u00e4ksi sis\u00e4inen akku latautuu aurinkokennon avulla, tai tarvittaessa k\u00e4sivipua py\u00f6ritt\u00e4m\u00e4ll\u00e4. Komeuden kruunaa USB-pistoke, josta voit ladata esimerkiksi matkapuhelimesi.  Soveltuu soveltuu muunmuassa m\u00f6kille, autoon, telttailuun, festareille, lukuvaloksi, autonkorjaukseen apuvaloksi, ulkona liikkumiseen jne&#8230;<\/p>\n","protected":false},"excerpt":{"rendered":"<p>36 ledi\u00e4 akku paristo LED-lyhty<\/p>\n","protected":false},"featured_media":1548,"comment_status":"closed","ping_status":"closed","template":"","meta":[],"product_brand":[],"product_cat":[15],"product_tag":[484],"class_list":{"0":"post-1547","1":"product","2":"type-product","3":"status-publish","4":"has-post-thumbnail","6":"product_cat-uncategorized","7":"product_tag-led-lyhty","9":"first","10":"instock","11":"purchasable","12":"product-type-simple"},"jetpack_sharing_enabled":true,"_links":{"self":[{"href":"https:\/\/www.hypertera.com\/index.php?rest_route=\/wp\/v2\/product\/1547","targetHints":{"allow":["GET"]}}],"collection":[{"href":"https:\/\/www.hypertera.com\/index.php?rest_route=\/wp\/v2\/product"}],"about":[{"href":"https:\/\/www.hypertera.com\/index.php?rest_route=\/wp\/v2\/types\/product"}],"replies":[{"embeddable":true,"href":"https:\/\/www.hypertera.com\/index.php?rest_route=%2Fwp%2Fv2%2Fcomments&post=1547"}],"wp:featuredmedia":[{"embeddable":true,"href":"https:\/\/www.hypertera.com\/index.php?rest_route=\/wp\/v2\/media\/1548"}],"wp:attachment":[{"href":"https:\/\/www.hypertera.com\/index.php?rest_route=%2Fwp%2Fv2%2Fmedia&parent=1547"}],"wp:term":[{"taxonomy":"product_brand","embeddable":true,"href":"https:\/\/www.hypertera.com\/index.php?rest_route=%2Fwp%2Fv2%2Fproduct_brand&post=1547"},{"taxonomy":"product_cat","embeddable":true,"href":"https:\/\/www.hypertera.com\/index.php?rest_route=%2Fwp%2Fv2%2Fproduct_cat&post=1547"},{"taxonomy":"product_tag","embeddable":true,"href":"https:\/\/www.hypertera.com\/index.php?rest_route=%2Fwp%2Fv2%2Fproduct_tag&post=1547"}],"curies":[{"name":"wp","href":"https:\/\/api.w.org\/{rel}","templated":true}]}}