{"id":1545,"date":"2022-07-21T14:49:06","date_gmt":"2022-07-21T14:49:06","guid":{"rendered":"https:\/\/www.hypertera.com\/?product=led-lyhty-30-ledia-paristo-sininen"},"modified":"2022-07-21T14:49:06","modified_gmt":"2022-07-21T14:49:06","slug":"led-lyhty-30-ledia-paristo-sininen","status":"publish","type":"product","link":"https:\/\/www.hypertera.com\/?product=led-lyhty-30-ledia-paristo-sininen","title":{"rendered":"LED-lyhty, 30 ledi\u00e4, paristo, sininen"},"content":{"rendered":"<p>Tyylik\u00e4s LED-lyhty jopa 30 LED-valolla. Voit s\u00e4\u00e4t\u00e4\u00e4 valon kirkkautta k\u00e4ynnistyskytkimest\u00e4. Valo sopii muun muassa telttailuun, lukemiseen, veneilyyn sek\u00e4 kalastukseen, kuistilla, parvekkeelle ett\u00e4 terassille. Valo toimii paristoilla (4kpl D-paristoja). Paristot eiv\u00e4t sis\u00e4lly tuotteeseen.<\/p>\n","protected":false},"excerpt":{"rendered":"<p>30 ledi\u00e4 paristo LED-lyhty<\/p>\n","protected":false},"featured_media":1546,"comment_status":"closed","ping_status":"closed","template":"","meta":[],"product_brand":[],"product_cat":[15],"product_tag":[484],"class_list":{"0":"post-1545","1":"product","2":"type-product","3":"status-publish","4":"has-post-thumbnail","6":"product_cat-uncategorized","7":"product_tag-led-lyhty","9":"first","10":"instock","11":"purchasable","12":"product-type-simple"},"jetpack_sharing_enabled":true,"_links":{"self":[{"href":"https:\/\/www.hypertera.com\/index.php?rest_route=\/wp\/v2\/product\/1545","targetHints":{"allow":["GET"]}}],"collection":[{"href":"https:\/\/www.hypertera.com\/index.php?rest_route=\/wp\/v2\/product"}],"about":[{"href":"https:\/\/www.hypertera.com\/index.php?rest_route=\/wp\/v2\/types\/product"}],"replies":[{"embeddable":true,"href":"https:\/\/www.hypertera.com\/index.php?rest_route=%2Fwp%2Fv2%2Fcomments&post=1545"}],"wp:featuredmedia":[{"embeddable":true,"href":"https:\/\/www.hypertera.com\/index.php?rest_route=\/wp\/v2\/media\/1546"}],"wp:attachment":[{"href":"https:\/\/www.hypertera.com\/index.php?rest_route=%2Fwp%2Fv2%2Fmedia&parent=1545"}],"wp:term":[{"taxonomy":"product_brand","embeddable":true,"href":"https:\/\/www.hypertera.com\/index.php?rest_route=%2Fwp%2Fv2%2Fproduct_brand&post=1545"},{"taxonomy":"product_cat","embeddable":true,"href":"https:\/\/www.hypertera.com\/index.php?rest_route=%2Fwp%2Fv2%2Fproduct_cat&post=1545"},{"taxonomy":"product_tag","embeddable":true,"href":"https:\/\/www.hypertera.com\/index.php?rest_route=%2Fwp%2Fv2%2Fproduct_tag&post=1545"}],"curies":[{"name":"wp","href":"https:\/\/api.w.org\/{rel}","templated":true}]}}