{"id":1509,"date":"2022-07-21T14:48:22","date_gmt":"2022-07-21T14:48:22","guid":{"rendered":"https:\/\/www.hypertera.com\/?product=lasertarra-avery-l7567-25-clear-addressing-labels"},"modified":"2022-07-21T14:48:25","modified_gmt":"2022-07-21T14:48:25","slug":"lasertarra-avery-l7567-25-clear-addressing-labels","status":"publish","type":"product","link":"https:\/\/www.hypertera.com\/?product=lasertarra-avery-l7567-25-clear-addressing-labels","title":{"rendered":"Lasertarra, Avery L7567-25, Clear Addressing Labels"},"content":{"rendered":"<p>Avery laser-tarrat on testattu useilla lasertulostimilla, mik\u00e4 takaa 100% luotettavuuden ja ongelmattoman tulostuksen. L\u00e4pin\u00e4kyv\u00e4t tarrat soveltuvat erityisesti v\u00e4rillisiin paketteihin. Laser -tulostimelle. Tarran koko 210 x 297 mm Arkkeja pakkauksessa 25 kpl. Tarroja arkilla 1 kpl. Tarroja pakkauksessa yhteens\u00e4 25 kpl.<\/p>\n","protected":false},"excerpt":{"rendered":"<p>Avery laser-tarrat on testattu useilla lasertulostimilla, mik\u00e4 takaa 100% luotettavuuden ja ongelmattoman tulostuksen. L\u00e4pin\u00e4kyv\u00e4t tarrat soveltuvat erityisesti v\u00e4rillisiin paketteihin. Laser -tulostimelle. Tarran koko 210 x 297 mm Arkkeja pakkauksessa 25 kpl. Tarroja arkilla 1 kpl. Tarroja pakkauksessa yhteens\u00e4 25 kpl.<\/p>\n","protected":false},"featured_media":1510,"comment_status":"closed","ping_status":"closed","template":"","meta":[],"product_brand":[],"product_cat":[174,104,175,172,173,30,16],"product_tag":[176],"class_list":{"0":"post-1509","1":"product","2":"type-product","3":"status-publish","4":"has-post-thumbnail","6":"product_cat-etiketit-tarrat-ja-nimilappukotelot-toimistotarvikkeet-monitoimitarrattuotteet","7":"product_cat-etiketit-tarrat-ja-nimilappukotelot","8":"product_cat-kopiotarrat","9":"product_cat-monitoimitarrattuotteet","10":"product_cat-toimistotarvikkeet-monitoimitarrattuotteet","11":"product_cat-toimistotarvikkeet","12":"product_cat-tuotteet","13":"product_tag-lasertarrat","15":"first","16":"instock","17":"purchasable","18":"product-type-simple"},"jetpack_sharing_enabled":true,"_links":{"self":[{"href":"https:\/\/www.hypertera.com\/index.php?rest_route=\/wp\/v2\/product\/1509","targetHints":{"allow":["GET"]}}],"collection":[{"href":"https:\/\/www.hypertera.com\/index.php?rest_route=\/wp\/v2\/product"}],"about":[{"href":"https:\/\/www.hypertera.com\/index.php?rest_route=\/wp\/v2\/types\/product"}],"replies":[{"embeddable":true,"href":"https:\/\/www.hypertera.com\/index.php?rest_route=%2Fwp%2Fv2%2Fcomments&post=1509"}],"wp:featuredmedia":[{"embeddable":true,"href":"https:\/\/www.hypertera.com\/index.php?rest_route=\/wp\/v2\/media\/1510"}],"wp:attachment":[{"href":"https:\/\/www.hypertera.com\/index.php?rest_route=%2Fwp%2Fv2%2Fmedia&parent=1509"}],"wp:term":[{"taxonomy":"product_brand","embeddable":true,"href":"https:\/\/www.hypertera.com\/index.php?rest_route=%2Fwp%2Fv2%2Fproduct_brand&post=1509"},{"taxonomy":"product_cat","embeddable":true,"href":"https:\/\/www.hypertera.com\/index.php?rest_route=%2Fwp%2Fv2%2Fproduct_cat&post=1509"},{"taxonomy":"product_tag","embeddable":true,"href":"https:\/\/www.hypertera.com\/index.php?rest_route=%2Fwp%2Fv2%2Fproduct_tag&post=1509"}],"curies":[{"name":"wp","href":"https:\/\/api.w.org\/{rel}","templated":true}]}}