{"id":1473,"date":"2022-07-21T14:47:44","date_gmt":"2022-07-21T14:47:44","guid":{"rendered":"https:\/\/www.hypertera.com\/?product=lasertarra-avery-l4744rev-25-uudelleenkiinnittyva-96x50mm-1-pkt-250"},"modified":"2022-07-21T14:47:50","modified_gmt":"2022-07-21T14:47:50","slug":"lasertarra-avery-l4744rev-25-uudelleenkiinnittyva-96x50mm-1-pkt-250","status":"publish","type":"product","link":"https:\/\/www.hypertera.com\/?product=lasertarra-avery-l4744rev-25-uudelleenkiinnittyva-96x50mm-1-pkt-250","title":{"rendered":"Lasertarra, Avery L4744REV-25, uudelleenkiinnittyv\u00e4, 96x50mm, 1 pkt\/250"},"content":{"rendered":"<p>K\u00e4y lasertulostimiin. Paketissa 250 uudelleen kiinnittyv\u00e4\u00e4 tarraa.10 tarraa\/arkki, 25 arkkia\/pkt. 96&#215;50,8mm.<\/p>\n","protected":false},"excerpt":{"rendered":"<p>96x50mm Avery L4744REV-25 uudelleenkiinnittyv\u00e4 Lasertarra, 1 pkt\/250<\/p>\n","protected":false},"featured_media":1474,"comment_status":"closed","ping_status":"closed","template":"","meta":[],"product_brand":[],"product_cat":[174,104,175,172,173,30,16],"product_tag":[176],"class_list":{"0":"post-1473","1":"product","2":"type-product","3":"status-publish","4":"has-post-thumbnail","6":"product_cat-etiketit-tarrat-ja-nimilappukotelot-toimistotarvikkeet-monitoimitarrattuotteet","7":"product_cat-etiketit-tarrat-ja-nimilappukotelot","8":"product_cat-kopiotarrat","9":"product_cat-monitoimitarrattuotteet","10":"product_cat-toimistotarvikkeet-monitoimitarrattuotteet","11":"product_cat-toimistotarvikkeet","12":"product_cat-tuotteet","13":"product_tag-lasertarrat","15":"first","16":"instock","17":"purchasable","18":"product-type-simple"},"jetpack_sharing_enabled":true,"_links":{"self":[{"href":"https:\/\/www.hypertera.com\/index.php?rest_route=\/wp\/v2\/product\/1473","targetHints":{"allow":["GET"]}}],"collection":[{"href":"https:\/\/www.hypertera.com\/index.php?rest_route=\/wp\/v2\/product"}],"about":[{"href":"https:\/\/www.hypertera.com\/index.php?rest_route=\/wp\/v2\/types\/product"}],"replies":[{"embeddable":true,"href":"https:\/\/www.hypertera.com\/index.php?rest_route=%2Fwp%2Fv2%2Fcomments&post=1473"}],"wp:featuredmedia":[{"embeddable":true,"href":"https:\/\/www.hypertera.com\/index.php?rest_route=\/wp\/v2\/media\/1474"}],"wp:attachment":[{"href":"https:\/\/www.hypertera.com\/index.php?rest_route=%2Fwp%2Fv2%2Fmedia&parent=1473"}],"wp:term":[{"taxonomy":"product_brand","embeddable":true,"href":"https:\/\/www.hypertera.com\/index.php?rest_route=%2Fwp%2Fv2%2Fproduct_brand&post=1473"},{"taxonomy":"product_cat","embeddable":true,"href":"https:\/\/www.hypertera.com\/index.php?rest_route=%2Fwp%2Fv2%2Fproduct_cat&post=1473"},{"taxonomy":"product_tag","embeddable":true,"href":"https:\/\/www.hypertera.com\/index.php?rest_route=%2Fwp%2Fv2%2Fproduct_tag&post=1473"}],"curies":[{"name":"wp","href":"https:\/\/api.w.org\/{rel}","templated":true}]}}