{"id":147,"date":"2022-07-21T13:41:06","date_gmt":"2022-07-21T13:41:06","guid":{"rendered":"https:\/\/www.hypertera.com\/?product=cd-levypidike-sininen-1-kpl"},"modified":"2022-07-21T13:41:40","modified_gmt":"2022-07-21T13:41:40","slug":"cd-levypidike-sininen-1-kpl","status":"publish","type":"product","link":"https:\/\/www.hypertera.com\/?product=cd-levypidike-sininen-1-kpl","title":{"rendered":"Cd-levypidike, sininen, 1 kpl"},"content":{"rendered":"<p>CD- teline. T\u00e4ll\u00e4 telineell\u00e4 saat CD-levysi kiinni kansioon papereiden kanssa.<\/p>\n","protected":false},"excerpt":{"rendered":"<p>CD- teline. T\u00e4ll\u00e4 telineell\u00e4 saat CD-levysi kiinni kansioon papereiden kanssa.<\/p>\n","protected":false},"featured_media":148,"comment_status":"closed","ping_status":"closed","template":"","meta":[],"product_brand":[],"product_cat":[15],"product_tag":[96],"class_list":{"0":"post-147","1":"product","2":"type-product","3":"status-publish","4":"has-post-thumbnail","6":"product_cat-uncategorized","7":"product_tag-tuunaustarrat","9":"first","10":"instock","11":"purchasable","12":"product-type-simple"},"jetpack_sharing_enabled":true,"_links":{"self":[{"href":"https:\/\/www.hypertera.com\/index.php?rest_route=\/wp\/v2\/product\/147","targetHints":{"allow":["GET"]}}],"collection":[{"href":"https:\/\/www.hypertera.com\/index.php?rest_route=\/wp\/v2\/product"}],"about":[{"href":"https:\/\/www.hypertera.com\/index.php?rest_route=\/wp\/v2\/types\/product"}],"replies":[{"embeddable":true,"href":"https:\/\/www.hypertera.com\/index.php?rest_route=%2Fwp%2Fv2%2Fcomments&post=147"}],"wp:featuredmedia":[{"embeddable":true,"href":"https:\/\/www.hypertera.com\/index.php?rest_route=\/wp\/v2\/media\/148"}],"wp:attachment":[{"href":"https:\/\/www.hypertera.com\/index.php?rest_route=%2Fwp%2Fv2%2Fmedia&parent=147"}],"wp:term":[{"taxonomy":"product_brand","embeddable":true,"href":"https:\/\/www.hypertera.com\/index.php?rest_route=%2Fwp%2Fv2%2Fproduct_brand&post=147"},{"taxonomy":"product_cat","embeddable":true,"href":"https:\/\/www.hypertera.com\/index.php?rest_route=%2Fwp%2Fv2%2Fproduct_cat&post=147"},{"taxonomy":"product_tag","embeddable":true,"href":"https:\/\/www.hypertera.com\/index.php?rest_route=%2Fwp%2Fv2%2Fproduct_tag&post=147"}],"curies":[{"name":"wp","href":"https:\/\/api.w.org\/{rel}","templated":true}]}}