{"id":1426,"date":"2022-07-21T14:46:49","date_gmt":"2022-07-21T14:46:49","guid":{"rendered":"https:\/\/www.hypertera.com\/?product=laserkasetti-avery-l7670-25-halkaisija-635-keltainen"},"modified":"2022-07-21T14:46:49","modified_gmt":"2022-07-21T14:46:49","slug":"laserkasetti-avery-l7670-25-halkaisija-635-keltainen","status":"publish","type":"product","link":"https:\/\/www.hypertera.com\/?product=laserkasetti-avery-l7670-25-halkaisija-635-keltainen","title":{"rendered":"Laserkasetti, Avery, L7670-25, halkaisija 63,5, keltainen"},"content":{"rendered":"<p>Lasertulostimille tarkoitettuja py\u00f6reit\u00e4 keltaisia tarroja. Sopii erinomaisesti esim. pakettien huomiotarroiksi, pienien tuotteiden etiket\u00f6intiin ja moneen muuhun. Pakkauksessa on 300 tarraa. 12 tarraa\/arkki, 25 arkkia<\/p>\n","protected":false},"excerpt":{"rendered":"<p>Lasertulostimille tarkoitettuja py\u00f6reit\u00e4 keltaisia tarroja. Sopii erinomaisesti esim. pakettien huomiotarroiksi, pienien tuotteiden etiket\u00f6intiin ja moneen muuhun. Pakkauksessa on 300 tarraa. 12 tarraa\/arkki, 25 arkkia<\/p>\n","protected":false},"featured_media":1427,"comment_status":"closed","ping_status":"closed","template":"","meta":[],"product_brand":[],"product_cat":[15],"product_tag":[463],"class_list":{"0":"post-1426","1":"product","2":"type-product","3":"status-publish","4":"has-post-thumbnail","6":"product_cat-uncategorized","7":"product_tag-laserkasetit","9":"first","10":"instock","11":"purchasable","12":"product-type-simple"},"jetpack_sharing_enabled":true,"_links":{"self":[{"href":"https:\/\/www.hypertera.com\/index.php?rest_route=\/wp\/v2\/product\/1426","targetHints":{"allow":["GET"]}}],"collection":[{"href":"https:\/\/www.hypertera.com\/index.php?rest_route=\/wp\/v2\/product"}],"about":[{"href":"https:\/\/www.hypertera.com\/index.php?rest_route=\/wp\/v2\/types\/product"}],"replies":[{"embeddable":true,"href":"https:\/\/www.hypertera.com\/index.php?rest_route=%2Fwp%2Fv2%2Fcomments&post=1426"}],"wp:featuredmedia":[{"embeddable":true,"href":"https:\/\/www.hypertera.com\/index.php?rest_route=\/wp\/v2\/media\/1427"}],"wp:attachment":[{"href":"https:\/\/www.hypertera.com\/index.php?rest_route=%2Fwp%2Fv2%2Fmedia&parent=1426"}],"wp:term":[{"taxonomy":"product_brand","embeddable":true,"href":"https:\/\/www.hypertera.com\/index.php?rest_route=%2Fwp%2Fv2%2Fproduct_brand&post=1426"},{"taxonomy":"product_cat","embeddable":true,"href":"https:\/\/www.hypertera.com\/index.php?rest_route=%2Fwp%2Fv2%2Fproduct_cat&post=1426"},{"taxonomy":"product_tag","embeddable":true,"href":"https:\/\/www.hypertera.com\/index.php?rest_route=%2Fwp%2Fv2%2Fproduct_tag&post=1426"}],"curies":[{"name":"wp","href":"https:\/\/api.w.org\/{rel}","templated":true}]}}