{"id":1422,"date":"2022-07-21T14:46:22","date_gmt":"2022-07-21T14:46:22","guid":{"rendered":"https:\/\/www.hypertera.com\/?product=x-lankapuhelin-doro-congress-100-mustapoistunut"},"modified":"2022-07-21T14:46:34","modified_gmt":"2022-07-21T14:46:34","slug":"x-lankapuhelin-doro-congress-100-mustapoistunut","status":"publish","type":"product","link":"https:\/\/www.hypertera.com\/?product=x-lankapuhelin-doro-congress-100-mustapoistunut","title":{"rendered":"X Lankapuhelin, Doro Congress 100, musta(POISTUNUT)"},"content":{"rendered":"<p>Ammattik\u00e4ytt\u00f6\u00f6n tarkoitettu lankapuhelin Doro Congress 100 on kest\u00e4v\u00e4 lankapuhelin, joka on tehty tiukkojen s\u00e4\u00e4nt\u00f6jen mukaan kest\u00e4m\u00e4\u00e4n tehokasta ammattik\u00e4ytt\u00f6\u00e4. Hy\u00f6dyllinen ja helppok\u00e4ytt\u00f6inen Doro Congress 100 tarjoaa pitk\u00e4aikaista toimintavarmuutta tinkim\u00e4tt\u00e4 toiminnoista. Doro Congress 100:ssa on liitin kuuloke-mikrofoni-yhdistelm\u00e4lle sek\u00e4 puhelinlinjan vastaus\/sulkupainke. Lis\u00e4ksi laitteessa on liit\u00e4nt\u00e4 faksilaitteelle sek\u00e4 mykistyspainike. -3 soitto\u00e4\u00e4nt\u00e4 -10 muistia -Kuulokemikrofonin liitin -Yhteensopiva kuulolaitteen kanssa (T-silmukka) -Mykistystoiminto -\u00e4\u00e4nenvoimakkuuden s\u00e4\u00e4t\u00f6 -Odottavan puhelinvaihdeviestin toiminto -Liit\u00e4nt\u00e4 esim. faksilaitteelle<\/p>\n","protected":false},"excerpt":{"rendered":"<p>Ammattik\u00e4ytt\u00f6\u00f6n tarkoitettu lankapuhelin Doro Congress 100 on kest\u00e4v\u00e4 lankapuhelin, joka on tehty tiukkojen s\u00e4\u00e4nt\u00f6jen mukaan kest\u00e4m\u00e4\u00e4n tehokasta ammattik\u00e4ytt\u00f6\u00e4. Hy\u00f6dyllinen ja helppok\u00e4ytt\u00f6inen Doro Congress 100 tarjoaa pitk\u00e4aikaista toimintavarmuutta tinkim\u00e4tt\u00e4 toiminnoista. Doro Congress 100:ssa on liitin kuuloke-mikrofoni-yhdistelm\u00e4lle sek\u00e4 puhelinlinjan vastaus\/sulkupainke. Lis\u00e4ksi laitteessa on liit\u00e4nt\u00e4 faksilaitteelle sek\u00e4 mykistyspainike. -3 soitto\u00e4\u00e4nt\u00e4 -10 muistia -Kuulokemikrofonin liitin -Yhteensopiva kuulolaitteen kanssa (T-silmukka) [&hellip;]<\/p>\n","protected":false},"featured_media":1423,"comment_status":"closed","ping_status":"closed","template":"","meta":[],"product_brand":[],"product_cat":[17,458,457,16],"product_tag":[459],"class_list":{"0":"post-1422","1":"product","2":"type-product","3":"status-publish","4":"has-post-thumbnail","6":"product_cat-laitteet-tekniikka","7":"product_cat-lankapuhelimet","8":"product_cat-puhelimet","9":"product_cat-tuotteet","10":"product_tag-lankapuhelimet","12":"first","13":"instock","14":"purchasable","15":"product-type-simple"},"jetpack_sharing_enabled":true,"_links":{"self":[{"href":"https:\/\/www.hypertera.com\/index.php?rest_route=\/wp\/v2\/product\/1422","targetHints":{"allow":["GET"]}}],"collection":[{"href":"https:\/\/www.hypertera.com\/index.php?rest_route=\/wp\/v2\/product"}],"about":[{"href":"https:\/\/www.hypertera.com\/index.php?rest_route=\/wp\/v2\/types\/product"}],"replies":[{"embeddable":true,"href":"https:\/\/www.hypertera.com\/index.php?rest_route=%2Fwp%2Fv2%2Fcomments&post=1422"}],"wp:featuredmedia":[{"embeddable":true,"href":"https:\/\/www.hypertera.com\/index.php?rest_route=\/wp\/v2\/media\/1423"}],"wp:attachment":[{"href":"https:\/\/www.hypertera.com\/index.php?rest_route=%2Fwp%2Fv2%2Fmedia&parent=1422"}],"wp:term":[{"taxonomy":"product_brand","embeddable":true,"href":"https:\/\/www.hypertera.com\/index.php?rest_route=%2Fwp%2Fv2%2Fproduct_brand&post=1422"},{"taxonomy":"product_cat","embeddable":true,"href":"https:\/\/www.hypertera.com\/index.php?rest_route=%2Fwp%2Fv2%2Fproduct_cat&post=1422"},{"taxonomy":"product_tag","embeddable":true,"href":"https:\/\/www.hypertera.com\/index.php?rest_route=%2Fwp%2Fv2%2Fproduct_tag&post=1422"}],"curies":[{"name":"wp","href":"https:\/\/api.w.org\/{rel}","templated":true}]}}