{"id":1420,"date":"2022-07-21T14:46:22","date_gmt":"2022-07-21T14:46:22","guid":{"rendered":"https:\/\/www.hypertera.com\/?product=x-langaton-hiiri-targus-compact-laserpoistunut"},"modified":"2022-07-21T14:46:25","modified_gmt":"2022-07-21T14:46:25","slug":"x-langaton-hiiri-targus-compact-laserpoistunut","status":"publish","type":"product","link":"https:\/\/www.hypertera.com\/?product=x-langaton-hiiri-targus-compact-laserpoistunut","title":{"rendered":"X Langaton hiiri, Targus compact laser(POISTUNUT)"},"content":{"rendered":"<p>Kompakti langaton hiiri, jossa on eritt\u00e4in pieni mikro-USB-vastaanotin. Vastaanottimen voi j\u00e4tt\u00e4\u00e4 tietokoneeseen kiinni tai varastoida hiiren sis\u00e4\u00e4n pienen kokonsa ansiosta. Liitett\u00e4vyystekniikka: langaton 2.4 GHz. Hiiren v\u00e4ri on musta. Sopii niin oikea- kuin vasenk\u00e4tisille. Langattoman hiiren koko: 4,5&#215;8,3&#215;3,3 cm ja paino 39 g. Liikkeen havaitsemistekniikka laser. Hiiri toimii 2 x AAA paristoilla, joita tulee pakkauksessa mukana yhdet.<\/p>\n","protected":false},"excerpt":{"rendered":"<p>Targus Compact laser Langaton hiiri<\/p>\n","protected":false},"featured_media":1421,"comment_status":"closed","ping_status":"closed","template":"","meta":[],"product_brand":[],"product_cat":[15],"product_tag":[456],"class_list":{"0":"post-1420","1":"product","2":"type-product","3":"status-publish","4":"has-post-thumbnail","6":"product_cat-uncategorized","7":"product_tag-langattomat-hiiret","9":"first","10":"outofstock","11":"purchasable","12":"product-type-simple"},"jetpack_sharing_enabled":true,"_links":{"self":[{"href":"https:\/\/www.hypertera.com\/index.php?rest_route=\/wp\/v2\/product\/1420","targetHints":{"allow":["GET"]}}],"collection":[{"href":"https:\/\/www.hypertera.com\/index.php?rest_route=\/wp\/v2\/product"}],"about":[{"href":"https:\/\/www.hypertera.com\/index.php?rest_route=\/wp\/v2\/types\/product"}],"replies":[{"embeddable":true,"href":"https:\/\/www.hypertera.com\/index.php?rest_route=%2Fwp%2Fv2%2Fcomments&post=1420"}],"wp:featuredmedia":[{"embeddable":true,"href":"https:\/\/www.hypertera.com\/index.php?rest_route=\/wp\/v2\/media\/1421"}],"wp:attachment":[{"href":"https:\/\/www.hypertera.com\/index.php?rest_route=%2Fwp%2Fv2%2Fmedia&parent=1420"}],"wp:term":[{"taxonomy":"product_brand","embeddable":true,"href":"https:\/\/www.hypertera.com\/index.php?rest_route=%2Fwp%2Fv2%2Fproduct_brand&post=1420"},{"taxonomy":"product_cat","embeddable":true,"href":"https:\/\/www.hypertera.com\/index.php?rest_route=%2Fwp%2Fv2%2Fproduct_cat&post=1420"},{"taxonomy":"product_tag","embeddable":true,"href":"https:\/\/www.hypertera.com\/index.php?rest_route=%2Fwp%2Fv2%2Fproduct_tag&post=1420"}],"curies":[{"name":"wp","href":"https:\/\/api.w.org\/{rel}","templated":true}]}}