{"id":139,"date":"2022-07-21T13:41:06","date_gmt":"2022-07-21T13:41:06","guid":{"rendered":"https:\/\/www.hypertera.com\/?product=calligrafiakynasetti-penol-musta-1-pkt-3"},"modified":"2022-07-21T13:41:13","modified_gmt":"2022-07-21T13:41:13","slug":"calligrafiakynasetti-penol-musta-1-pkt-3","status":"publish","type":"product","link":"https:\/\/www.hypertera.com\/?product=calligrafiakynasetti-penol-musta-1-pkt-3","title":{"rendered":"Calligrafiakyn\u00e4setti, Penol, musta, 1 pkt\/3"},"content":{"rendered":"<p>Calligrafiakyn\u00e4setti. Setiss\u00e4 kolme kyn\u00e4\u00e4. Ter\u00e4n leveys 2,0 mm, 3,5mm ja 5,0 mm. Vesiliukoista mustetta.<\/p>\n","protected":false},"excerpt":{"rendered":"<p>Calligrafiakyn\u00e4setti. Setiss\u00e4 kolme kyn\u00e4\u00e4. Ter\u00e4n leveys 2,0 mm, 3,5mm ja 5,0 mm. Vesiliukoista mustetta.<\/p>\n","protected":false},"featured_media":140,"comment_status":"closed","ping_status":"closed","template":"","meta":[],"product_brand":[],"product_cat":[15],"product_tag":[87],"class_list":{"0":"post-139","1":"product","2":"type-product","3":"status-publish","4":"has-post-thumbnail","6":"product_cat-uncategorized","7":"product_tag-kalligrafiakynasetit","9":"first","10":"instock","11":"purchasable","12":"product-type-simple"},"jetpack_sharing_enabled":true,"_links":{"self":[{"href":"https:\/\/www.hypertera.com\/index.php?rest_route=\/wp\/v2\/product\/139","targetHints":{"allow":["GET"]}}],"collection":[{"href":"https:\/\/www.hypertera.com\/index.php?rest_route=\/wp\/v2\/product"}],"about":[{"href":"https:\/\/www.hypertera.com\/index.php?rest_route=\/wp\/v2\/types\/product"}],"replies":[{"embeddable":true,"href":"https:\/\/www.hypertera.com\/index.php?rest_route=%2Fwp%2Fv2%2Fcomments&post=139"}],"wp:featuredmedia":[{"embeddable":true,"href":"https:\/\/www.hypertera.com\/index.php?rest_route=\/wp\/v2\/media\/140"}],"wp:attachment":[{"href":"https:\/\/www.hypertera.com\/index.php?rest_route=%2Fwp%2Fv2%2Fmedia&parent=139"}],"wp:term":[{"taxonomy":"product_brand","embeddable":true,"href":"https:\/\/www.hypertera.com\/index.php?rest_route=%2Fwp%2Fv2%2Fproduct_brand&post=139"},{"taxonomy":"product_cat","embeddable":true,"href":"https:\/\/www.hypertera.com\/index.php?rest_route=%2Fwp%2Fv2%2Fproduct_cat&post=139"},{"taxonomy":"product_tag","embeddable":true,"href":"https:\/\/www.hypertera.com\/index.php?rest_route=%2Fwp%2Fv2%2Fproduct_tag&post=139"}],"curies":[{"name":"wp","href":"https:\/\/api.w.org\/{rel}","templated":true}]}}