{"id":1374,"date":"2022-07-21T14:45:27","date_gmt":"2022-07-21T14:45:27","guid":{"rendered":"https:\/\/www.hypertera.com\/?product=laminointilaite-leitz-ilam-touch-a3"},"modified":"2022-07-21T14:45:32","modified_gmt":"2022-07-21T14:45:32","slug":"laminointilaite-leitz-ilam-touch-a3","status":"publish","type":"product","link":"https:\/\/www.hypertera.com\/?product=laminointilaite-leitz-ilam-touch-a3","title":{"rendered":"Laminointilaite, Leitz iLam touch A3"},"content":{"rendered":"<p>iLAM touch on t\u00e4ysin automaattinen, nopea ja tehokas. \u00e4lyk\u00e4s sis\u00e4inen sensoritekniikka valitsee nopeuden ja tunnistaa taskun paksuuden. Laminointiaika 26 s\/80 mic. Ei asetuksia &#8211; aina t\u00e4ydellinen lopputulos. Eri paksuisten taskujen vaihto ilman odotusta. Patentoidut taitettavat l\u00e4p\u00e4t varmistavat t\u00e4ydellisen lopputuloksen. Ei ilmakuplia, ryppyj\u00e4 tai jumiutumista. Alhainen energiankulutus, automaattinen virrankatkaisu 30min k\u00e4ytt\u00e4m\u00e4tt\u00f6myyden j\u00e4lkeen. Automaattinen palautustoiminto jos ylikuormittuu. Sivussa olevat k\u00e4densijat helpottavat kuljetusta. Punaisen valon vaihtuessa vihre\u00e4ksi laite on k\u00e4ytt\u00f6valmis. Mitat: 525 x 143 x 217 mm, paino 5,4 kg. 3 vuoden takuu.<\/p>\n","protected":false},"excerpt":{"rendered":"<p>iLAM touch on t\u00e4ysin automaattinen, nopea ja tehokas. \u00e4lyk\u00e4s sis\u00e4inen sensoritekniikka valitsee nopeuden ja tunnistaa taskun paksuuden. Laminointiaika 26 s\/80 mic. Ei asetuksia &#8211; aina t\u00e4ydellinen lopputulos. Eri paksuisten taskujen vaihto ilman odotusta. Patentoidut taitettavat l\u00e4p\u00e4t varmistavat t\u00e4ydellisen lopputuloksen. Ei ilmakuplia, ryppyj\u00e4 tai jumiutumista. Alhainen energiankulutus, automaattinen virrankatkaisu 30min k\u00e4ytt\u00e4m\u00e4tt\u00f6myyden j\u00e4lkeen. Automaattinen palautustoiminto jos ylikuormittuu. [&hellip;]<\/p>\n","protected":false},"featured_media":1375,"comment_status":"closed","ping_status":"closed","template":"","meta":[],"product_brand":[],"product_cat":[17,447,446,16],"product_tag":[448],"class_list":{"0":"post-1374","1":"product","2":"type-product","3":"status-publish","4":"has-post-thumbnail","6":"product_cat-laitteet-tekniikka","7":"product_cat-laminointilaitteet","8":"product_cat-sidonta-laminointilaitteet","9":"product_cat-tuotteet","10":"product_tag-laminointilaitteet","12":"first","13":"instock","14":"purchasable","15":"product-type-simple"},"jetpack_sharing_enabled":true,"_links":{"self":[{"href":"https:\/\/www.hypertera.com\/index.php?rest_route=\/wp\/v2\/product\/1374","targetHints":{"allow":["GET"]}}],"collection":[{"href":"https:\/\/www.hypertera.com\/index.php?rest_route=\/wp\/v2\/product"}],"about":[{"href":"https:\/\/www.hypertera.com\/index.php?rest_route=\/wp\/v2\/types\/product"}],"replies":[{"embeddable":true,"href":"https:\/\/www.hypertera.com\/index.php?rest_route=%2Fwp%2Fv2%2Fcomments&post=1374"}],"wp:featuredmedia":[{"embeddable":true,"href":"https:\/\/www.hypertera.com\/index.php?rest_route=\/wp\/v2\/media\/1375"}],"wp:attachment":[{"href":"https:\/\/www.hypertera.com\/index.php?rest_route=%2Fwp%2Fv2%2Fmedia&parent=1374"}],"wp:term":[{"taxonomy":"product_brand","embeddable":true,"href":"https:\/\/www.hypertera.com\/index.php?rest_route=%2Fwp%2Fv2%2Fproduct_brand&post=1374"},{"taxonomy":"product_cat","embeddable":true,"href":"https:\/\/www.hypertera.com\/index.php?rest_route=%2Fwp%2Fv2%2Fproduct_cat&post=1374"},{"taxonomy":"product_tag","embeddable":true,"href":"https:\/\/www.hypertera.com\/index.php?rest_route=%2Fwp%2Fv2%2Fproduct_tag&post=1374"}],"curies":[{"name":"wp","href":"https:\/\/api.w.org\/{rel}","templated":true}]}}