{"id":1370,"date":"2022-07-21T14:45:27","date_gmt":"2022-07-21T14:45:27","guid":{"rendered":"https:\/\/www.hypertera.com\/?product=laitekaapeli-usb-2xa-b-1-0m-harmaa"},"modified":"2022-07-21T14:45:29","modified_gmt":"2022-07-21T14:45:29","slug":"laitekaapeli-usb-2xa-b-1-0m-harmaa","status":"publish","type":"product","link":"https:\/\/www.hypertera.com\/?product=laitekaapeli-usb-2xa-b-1-0m-harmaa","title":{"rendered":"Laitekaapeli, USB 2xA-B, 1.0m, harmaa"},"content":{"rendered":"<p>Harmaa USB laitekaapeli, jossa on kaksi USB A-Male p\u00e4\u00e4t\u00e4 ja yksi USB B-Male p\u00e4\u00e4. Kaapelin pituus 1.0m. Laitekaapelilla jolla voit yhdist\u00e4\u00e4 tietokoneesi esim. tulostimeen.<\/p>\n","protected":false},"excerpt":{"rendered":"<p>Harmaa USB 2xA-B 1.0m Laitekaapeli<\/p>\n","protected":false},"featured_media":1371,"comment_status":"closed","ping_status":"closed","template":"","meta":[],"product_brand":[],"product_cat":[15],"product_tag":[443],"class_list":{"0":"post-1370","1":"product","2":"type-product","3":"status-publish","4":"has-post-thumbnail","6":"product_cat-uncategorized","7":"product_tag-laitekaapelit","9":"first","10":"instock","11":"purchasable","12":"product-type-simple"},"jetpack_sharing_enabled":true,"_links":{"self":[{"href":"https:\/\/www.hypertera.com\/index.php?rest_route=\/wp\/v2\/product\/1370","targetHints":{"allow":["GET"]}}],"collection":[{"href":"https:\/\/www.hypertera.com\/index.php?rest_route=\/wp\/v2\/product"}],"about":[{"href":"https:\/\/www.hypertera.com\/index.php?rest_route=\/wp\/v2\/types\/product"}],"replies":[{"embeddable":true,"href":"https:\/\/www.hypertera.com\/index.php?rest_route=%2Fwp%2Fv2%2Fcomments&post=1370"}],"wp:featuredmedia":[{"embeddable":true,"href":"https:\/\/www.hypertera.com\/index.php?rest_route=\/wp\/v2\/media\/1371"}],"wp:attachment":[{"href":"https:\/\/www.hypertera.com\/index.php?rest_route=%2Fwp%2Fv2%2Fmedia&parent=1370"}],"wp:term":[{"taxonomy":"product_brand","embeddable":true,"href":"https:\/\/www.hypertera.com\/index.php?rest_route=%2Fwp%2Fv2%2Fproduct_brand&post=1370"},{"taxonomy":"product_cat","embeddable":true,"href":"https:\/\/www.hypertera.com\/index.php?rest_route=%2Fwp%2Fv2%2Fproduct_cat&post=1370"},{"taxonomy":"product_tag","embeddable":true,"href":"https:\/\/www.hypertera.com\/index.php?rest_route=%2Fwp%2Fv2%2Fproduct_tag&post=1370"}],"curies":[{"name":"wp","href":"https:\/\/api.w.org\/{rel}","templated":true}]}}