{"id":1358,"date":"2022-07-21T14:45:17","date_gmt":"2022-07-21T14:45:17","guid":{"rendered":"https:\/\/www.hypertera.com\/?product=lahjakassi-perhoset-paste-254x133x324"},"modified":"2022-07-21T14:45:19","modified_gmt":"2022-07-21T14:45:19","slug":"lahjakassi-perhoset-paste-254x133x324","status":"publish","type":"product","link":"https:\/\/www.hypertera.com\/?product=lahjakassi-perhoset-paste-254x133x324","title":{"rendered":"Lahjakassi, Perhoset\/paste, 25,4&#215;13,3&#215;32,4"},"content":{"rendered":"<p>Herkk\u00e4, perhoskuvioinen pastelliv\u00e4rinen lahjakassi nauha- kahvoin. Paperi 157g. Py\u00f6re\u00e4 nimilappu mukana. Kassin toisella puolella perhosissa kimalletta.<\/p>\n","protected":false},"excerpt":{"rendered":"<p>25,4&#215;13,3&#215;32,4 Perhoset\/paste Lahjakassi<\/p>\n","protected":false},"featured_media":1359,"comment_status":"closed","ping_status":"closed","template":"","meta":[],"product_brand":[],"product_cat":[15],"product_tag":[441],"class_list":{"0":"post-1358","1":"product","2":"type-product","3":"status-publish","4":"has-post-thumbnail","6":"product_cat-uncategorized","7":"product_tag-lahjakassit","9":"first","10":"outofstock","11":"purchasable","12":"product-type-simple"},"jetpack_sharing_enabled":true,"_links":{"self":[{"href":"https:\/\/www.hypertera.com\/index.php?rest_route=\/wp\/v2\/product\/1358","targetHints":{"allow":["GET"]}}],"collection":[{"href":"https:\/\/www.hypertera.com\/index.php?rest_route=\/wp\/v2\/product"}],"about":[{"href":"https:\/\/www.hypertera.com\/index.php?rest_route=\/wp\/v2\/types\/product"}],"replies":[{"embeddable":true,"href":"https:\/\/www.hypertera.com\/index.php?rest_route=%2Fwp%2Fv2%2Fcomments&post=1358"}],"wp:featuredmedia":[{"embeddable":true,"href":"https:\/\/www.hypertera.com\/index.php?rest_route=\/wp\/v2\/media\/1359"}],"wp:attachment":[{"href":"https:\/\/www.hypertera.com\/index.php?rest_route=%2Fwp%2Fv2%2Fmedia&parent=1358"}],"wp:term":[{"taxonomy":"product_brand","embeddable":true,"href":"https:\/\/www.hypertera.com\/index.php?rest_route=%2Fwp%2Fv2%2Fproduct_brand&post=1358"},{"taxonomy":"product_cat","embeddable":true,"href":"https:\/\/www.hypertera.com\/index.php?rest_route=%2Fwp%2Fv2%2Fproduct_cat&post=1358"},{"taxonomy":"product_tag","embeddable":true,"href":"https:\/\/www.hypertera.com\/index.php?rest_route=%2Fwp%2Fv2%2Fproduct_tag&post=1358"}],"curies":[{"name":"wp","href":"https:\/\/api.w.org\/{rel}","templated":true}]}}