{"id":1351,"date":"2022-07-21T14:44:58","date_gmt":"2022-07-21T14:44:58","guid":{"rendered":"https:\/\/www.hypertera.com\/?product=laatikko-400-l"},"modified":"2022-07-21T14:45:10","modified_gmt":"2022-07-21T14:45:10","slug":"laatikko-400-l","status":"publish","type":"product","link":"https:\/\/www.hypertera.com\/?product=laatikko-400-l","title":{"rendered":"Laatikko, 400 l"},"content":{"rendered":"<p>Vakaa, iso laatikko kannella. Sopii erinomaisesti esim. ty\u00f6kalujen s\u00e4ilytykseen ty\u00f6maalle. Laatikossa on vahva lukko, jossa on kolme lukituspistett\u00e4. Laatikon alla on nelj\u00e4 umpikumi py\u00f6r\u00e4\u00e4. Kahdessa py\u00f6r\u00e4ss\u00e4 on jarrut. Py\u00f6rien halkaisija 160 mm. Kannen ollessa kiinni laatikko muuntuu p\u00f6yd\u00e4ksi.   Laatikon koko: pituus 1100 mm, leveys 660 mm ja korkeus 870 mm. Laatikon kapasiteetti 600 kg ja paino 63 kg.<\/p>\n","protected":false},"excerpt":{"rendered":"<p>400 l Laatikko<\/p>\n","protected":false},"featured_media":0,"comment_status":"closed","ping_status":"closed","template":"","meta":[],"product_brand":[],"product_cat":[15],"product_tag":[436],"class_list":{"0":"post-1351","1":"product","2":"type-product","3":"status-publish","5":"product_cat-uncategorized","6":"product_tag-laatikot","8":"first","9":"outofstock","10":"purchasable","11":"product-type-simple"},"jetpack_sharing_enabled":true,"_links":{"self":[{"href":"https:\/\/www.hypertera.com\/index.php?rest_route=\/wp\/v2\/product\/1351","targetHints":{"allow":["GET"]}}],"collection":[{"href":"https:\/\/www.hypertera.com\/index.php?rest_route=\/wp\/v2\/product"}],"about":[{"href":"https:\/\/www.hypertera.com\/index.php?rest_route=\/wp\/v2\/types\/product"}],"replies":[{"embeddable":true,"href":"https:\/\/www.hypertera.com\/index.php?rest_route=%2Fwp%2Fv2%2Fcomments&post=1351"}],"wp:attachment":[{"href":"https:\/\/www.hypertera.com\/index.php?rest_route=%2Fwp%2Fv2%2Fmedia&parent=1351"}],"wp:term":[{"taxonomy":"product_brand","embeddable":true,"href":"https:\/\/www.hypertera.com\/index.php?rest_route=%2Fwp%2Fv2%2Fproduct_brand&post=1351"},{"taxonomy":"product_cat","embeddable":true,"href":"https:\/\/www.hypertera.com\/index.php?rest_route=%2Fwp%2Fv2%2Fproduct_cat&post=1351"},{"taxonomy":"product_tag","embeddable":true,"href":"https:\/\/www.hypertera.com\/index.php?rest_route=%2Fwp%2Fv2%2Fproduct_tag&post=1351"}],"curies":[{"name":"wp","href":"https:\/\/api.w.org\/{rel}","templated":true}]}}