{"id":135,"date":"2022-07-21T13:41:06","date_gmt":"2022-07-21T13:41:06","guid":{"rendered":"https:\/\/www.hypertera.com\/?product=avolehtio-a6-70-7x7-ruudut-perforoitu"},"modified":"2022-07-21T13:41:06","modified_gmt":"2022-07-21T13:41:06","slug":"avolehtio-a6-70-7x7-ruudut-perforoitu","status":"publish","type":"product","link":"https:\/\/www.hypertera.com\/?product=avolehtio-a6-70-7x7-ruudut-perforoitu","title":{"rendered":"Avolehti\u00f6, A6\/70, 7&#215;7 ruudut, perforoitu"},"content":{"rendered":"<p>Laadukas kotimainen avolehti\u00f6.  7&#215;7 mm ruudutus, 70 lehte\u00e4, valkoinen 60g paperi.  Yl\u00e4reunassa perforointi helpottamassa lehden irtirep\u00e4isy\u00e4.  Tuotteella Joutsenmerkki ja Avainlippu.<\/p>\n","protected":false},"excerpt":{"rendered":"<p>Laadukas kotimainen avolehti\u00f6. 7&#215;7 mm ruudutus, 70 lehte\u00e4, valkoinen 60g paperi. Yl\u00e4reunassa perforointi helpottamassa lehden irtirep\u00e4isy\u00e4. Tuotteella Joutsenmerkki ja Avainlippu.<\/p>\n","protected":false},"featured_media":136,"comment_status":"closed","ping_status":"closed","template":"","meta":[],"product_brand":[],"product_cat":[85,84,30,16],"product_tag":[86],"class_list":{"0":"post-135","1":"product","2":"type-product","3":"status-publish","4":"has-post-thumbnail","6":"product_cat-avolehtiot","7":"product_cat-lehtiot-ja-vihkot","8":"product_cat-toimistotarvikkeet","9":"product_cat-tuotteet","10":"product_tag-avolehtiot","12":"first","13":"instock","14":"purchasable","15":"product-type-simple"},"jetpack_sharing_enabled":true,"_links":{"self":[{"href":"https:\/\/www.hypertera.com\/index.php?rest_route=\/wp\/v2\/product\/135","targetHints":{"allow":["GET"]}}],"collection":[{"href":"https:\/\/www.hypertera.com\/index.php?rest_route=\/wp\/v2\/product"}],"about":[{"href":"https:\/\/www.hypertera.com\/index.php?rest_route=\/wp\/v2\/types\/product"}],"replies":[{"embeddable":true,"href":"https:\/\/www.hypertera.com\/index.php?rest_route=%2Fwp%2Fv2%2Fcomments&post=135"}],"wp:featuredmedia":[{"embeddable":true,"href":"https:\/\/www.hypertera.com\/index.php?rest_route=\/wp\/v2\/media\/136"}],"wp:attachment":[{"href":"https:\/\/www.hypertera.com\/index.php?rest_route=%2Fwp%2Fv2%2Fmedia&parent=135"}],"wp:term":[{"taxonomy":"product_brand","embeddable":true,"href":"https:\/\/www.hypertera.com\/index.php?rest_route=%2Fwp%2Fv2%2Fproduct_brand&post=135"},{"taxonomy":"product_cat","embeddable":true,"href":"https:\/\/www.hypertera.com\/index.php?rest_route=%2Fwp%2Fv2%2Fproduct_cat&post=135"},{"taxonomy":"product_tag","embeddable":true,"href":"https:\/\/www.hypertera.com\/index.php?rest_route=%2Fwp%2Fv2%2Fproduct_tag&post=135"}],"curies":[{"name":"wp","href":"https:\/\/api.w.org\/{rel}","templated":true}]}}