{"id":1349,"date":"2022-07-21T14:44:58","date_gmt":"2022-07-21T14:44:58","guid":{"rendered":"https:\/\/www.hypertera.com\/?product=kayntikorttiteline-metalliverkko-harmaa"},"modified":"2022-07-21T14:45:08","modified_gmt":"2022-07-21T14:45:08","slug":"kayntikorttiteline-metalliverkko-harmaa","status":"publish","type":"product","link":"https:\/\/www.hypertera.com\/?product=kayntikorttiteline-metalliverkko-harmaa","title":{"rendered":"K\u00e4yntikorttiteline, metalliverkko, harmaa"},"content":{"rendered":"<p>Tyylik\u00e4s k\u00e4yntikorttiteline metalliverkosta. Telineeseen mahtuu noin 30 k\u00e4yntikorttia. Harmaa v\u00e4ri. Samasta sarjasta l\u00f6ytyv\u00e4t kaikki muutkin toimiston pienkalusteet.<\/p>\n","protected":false},"excerpt":{"rendered":"<p>Harmaa metalliverkko K\u00e4yntikorttiteline<\/p>\n","protected":false},"featured_media":1350,"comment_status":"closed","ping_status":"closed","template":"","meta":[],"product_brand":[],"product_cat":[433,431,434,432,30,16,293],"product_tag":[435],"class_list":{"0":"post-1349","1":"product","2":"type-product","3":"status-publish","4":"has-post-thumbnail","6":"product_cat-kansiot-ja-mapit-toimistotarvikkeet-kortistolaatikottuotteet","7":"product_cat-kortistolaatikottuotteet","8":"product_cat-puhelinmuistiot-kayntikorttikansiot-kansiot-ja-mapit-toimistotarvikkeet-kortistolaatikottuotteet","9":"product_cat-toimistotarvikkeet-kortistolaatikottuotteet","10":"product_cat-toimistotarvikkeet","11":"product_cat-tuotteet","12":"product_cat-tyopistetarvikkeet","13":"product_tag-kayntikorttitelineet","15":"first","16":"instock","17":"purchasable","18":"product-type-simple"},"jetpack_sharing_enabled":true,"_links":{"self":[{"href":"https:\/\/www.hypertera.com\/index.php?rest_route=\/wp\/v2\/product\/1349","targetHints":{"allow":["GET"]}}],"collection":[{"href":"https:\/\/www.hypertera.com\/index.php?rest_route=\/wp\/v2\/product"}],"about":[{"href":"https:\/\/www.hypertera.com\/index.php?rest_route=\/wp\/v2\/types\/product"}],"replies":[{"embeddable":true,"href":"https:\/\/www.hypertera.com\/index.php?rest_route=%2Fwp%2Fv2%2Fcomments&post=1349"}],"wp:featuredmedia":[{"embeddable":true,"href":"https:\/\/www.hypertera.com\/index.php?rest_route=\/wp\/v2\/media\/1350"}],"wp:attachment":[{"href":"https:\/\/www.hypertera.com\/index.php?rest_route=%2Fwp%2Fv2%2Fmedia&parent=1349"}],"wp:term":[{"taxonomy":"product_brand","embeddable":true,"href":"https:\/\/www.hypertera.com\/index.php?rest_route=%2Fwp%2Fv2%2Fproduct_brand&post=1349"},{"taxonomy":"product_cat","embeddable":true,"href":"https:\/\/www.hypertera.com\/index.php?rest_route=%2Fwp%2Fv2%2Fproduct_cat&post=1349"},{"taxonomy":"product_tag","embeddable":true,"href":"https:\/\/www.hypertera.com\/index.php?rest_route=%2Fwp%2Fv2%2Fproduct_tag&post=1349"}],"curies":[{"name":"wp","href":"https:\/\/api.w.org\/{rel}","templated":true}]}}