{"id":1347,"date":"2022-07-21T14:44:58","date_gmt":"2022-07-21T14:44:58","guid":{"rendered":"https:\/\/www.hypertera.com\/?product=kayntikorttiteline-poydalle-kirkas"},"modified":"2022-07-21T14:44:58","modified_gmt":"2022-07-21T14:44:58","slug":"kayntikorttiteline-poydalle-kirkas","status":"publish","type":"product","link":"https:\/\/www.hypertera.com\/?product=kayntikorttiteline-poydalle-kirkas","title":{"rendered":"K\u00e4yntikorttiteline p\u00f6yd\u00e4lle, kirkas"},"content":{"rendered":"<p>Kirkkaasta akryylist\u00e4 valmistettu k\u00e4yntikorttiteline p\u00f6yd\u00e4lle. Soveltuu niin asiakastiloihin, vastaanottotiskille kuin omalle ty\u00f6p\u00f6yd\u00e4llesi. Erityisen k\u00e4tev\u00e4 my\u00f6s messuilla.  Sek\u00e4 amerikkalainen 90&#215;50 ett\u00e4 keskieurooppalainen 85&#215;55 mm k\u00e4yntikorttimalli sopii telineeseen hyvin.<\/p>\n","protected":false},"excerpt":{"rendered":"<p>K\u00e4yntikorttiteline p\u00f6yd\u00e4lle<\/p>\n","protected":false},"featured_media":1348,"comment_status":"closed","ping_status":"closed","template":"","meta":[],"product_brand":[],"product_cat":[123,124,30,16],"product_tag":[122],"class_list":{"0":"post-1347","1":"product","2":"type-product","3":"status-publish","4":"has-post-thumbnail","6":"product_cat-esitetelineet","7":"product_cat-poytatelineet","8":"product_cat-toimistotarvikkeet","9":"product_cat-tuotteet","10":"product_tag-esitetelineet-poydalle","12":"first","13":"instock","14":"purchasable","15":"product-type-simple"},"jetpack_sharing_enabled":true,"_links":{"self":[{"href":"https:\/\/www.hypertera.com\/index.php?rest_route=\/wp\/v2\/product\/1347","targetHints":{"allow":["GET"]}}],"collection":[{"href":"https:\/\/www.hypertera.com\/index.php?rest_route=\/wp\/v2\/product"}],"about":[{"href":"https:\/\/www.hypertera.com\/index.php?rest_route=\/wp\/v2\/types\/product"}],"replies":[{"embeddable":true,"href":"https:\/\/www.hypertera.com\/index.php?rest_route=%2Fwp%2Fv2%2Fcomments&post=1347"}],"wp:featuredmedia":[{"embeddable":true,"href":"https:\/\/www.hypertera.com\/index.php?rest_route=\/wp\/v2\/media\/1348"}],"wp:attachment":[{"href":"https:\/\/www.hypertera.com\/index.php?rest_route=%2Fwp%2Fv2%2Fmedia&parent=1347"}],"wp:term":[{"taxonomy":"product_brand","embeddable":true,"href":"https:\/\/www.hypertera.com\/index.php?rest_route=%2Fwp%2Fv2%2Fproduct_brand&post=1347"},{"taxonomy":"product_cat","embeddable":true,"href":"https:\/\/www.hypertera.com\/index.php?rest_route=%2Fwp%2Fv2%2Fproduct_cat&post=1347"},{"taxonomy":"product_tag","embeddable":true,"href":"https:\/\/www.hypertera.com\/index.php?rest_route=%2Fwp%2Fv2%2Fproduct_tag&post=1347"}],"curies":[{"name":"wp","href":"https:\/\/api.w.org\/{rel}","templated":true}]}}